{"id":36280,"date":"2023-04-26T10:16:35","date_gmt":"2023-04-26T07:16:35","guid":{"rendered":"https:\/\/decorcnc.com\/product\/carved-wooden-facade-for-furniture-no-4\/"},"modified":"2023-04-26T10:16:35","modified_gmt":"2023-04-26T07:16:35","slug":"carved-wooden-facade-for-furniture-no-4","status":"publish","type":"product","link":"https:\/\/decorcnc.com\/en\/product\/carved-wooden-facade-for-furniture-no-4\/","title":{"rendered":"Carved wooden fa\u00e7ade for furniture No. 4"},"content":{"rendered":"<p>The information section can <a href=\"https:\/\/decorcnc.com\/instructions\/\">be found here<\/a><\/p>\n<h1>1.Basic information<\/h1>\n<p>Carved wooden fa\u00e7ade for furniture No. 4 is milled on CNC machines. For small orders, we use standard solid wood furniture boards with a thickness of 18,20,25,30,38,40 mm. A solid wood fa\u00e7ade (hardwood) is not cheap, so take the time to choose a d\u00e9cor. We cannot show options in the store that will satisfy absolutely everyone. Almost all d\u00e9cor elements can be changed to your liking, increased or decreased in size, or added and replaced center-corner d\u00e9cor, for example. Almost always, revision is required. If you choose ready-made 3d models from the catalog of carved d\u00e9cor, then it&#8217;s free. In the catalog section &#8220;<a href=\"\/?product_cat=carved-consoles-brackets-capitals-pilasters-made-of-natural-wood-2\">Carved d\u00e9cor (overlays)<\/a>&#8221; you can choose additional d\u00e9cor elements.       <\/p>\n<h3>Something special<\/h3>\n<p>If you need something special, take a look at the <a href=\"\/?product_cat=our-services-en-2\">&#8220;Our Services&#8221; section.<\/a> When viewing the model, you will be able to preview how your product will look. We want to say once again that the 3d model uploaded to the server is specially made with a small number of polygons. This is necessary to reduce the load and increase the download speed on mobile phones. Before paying for the fa\u00e7ade, we will send you a rendering of the model (3D visualization), and only after approval we will start working. For furniture manufacturers, we can make overhead d\u00e9cor separately, or we can make only a panel. The connection of rack parts (frames, strapping) can be 90 \u00b0 and 45 \u00b0. The width of the frame (strapping) is 72mm, all sizes can be discussed.      <\/p>\n<ul>\n<li>\n<h4>Material.<\/h4>\n<\/li>\n<\/ul>\n<p>There should be no problems with the choice of material. The grouping is carried out not by the type of wood, but by the thickness of the material. Choose a size that matches the thickness of the 3d model. If the material you need is not on the list, we will try to find it. Do not forget, high-quality wood is not cheap. If you are not going to use clear wax oils, you should take a closer look at less valuable types of wood. These recommendations are not for furniture manufacturers, they understand this (perhaps better than us :-), they just need to be no worse).      <\/p>\n<ul>\n<li>\n<h4>Coating<\/h4>\n<\/li>\n<\/ul>\n<p>To cover the carved wooden fa\u00e7ade for furniture, we use only oil-wax, e.g. hard wax furniture, tung, as well as oil for the countertop. Here, too, there are options for reducing the cost of the furniture fa\u00e7ade. For example, there are two European brands, the price difference is almost double. We also accept orders for unpainted facades, at the request of the customer.   <\/p>\n<ul>\n<li>\n<h4>Post-processing<\/h4>\n<\/li>\n<\/ul>\n<p>Post-machining after CNC machining (optional options). After high-quality milling of the fa\u00e7ade, the product is almost ready, but can be mechanically sanded. Sometimes manual grinding and processing of sharp corners is required, it depends on the relief of the d\u00e9cor and product requirements. Any cutter, even small, has a radius. If you need an acute angle in the relief, pruning is done only by hand. This also applies to working with coatings, when you have a rich imagination and opportunities, for example, aging (patina) and creating a decorative gilding effect.     <\/p>\n<ul>\n<li>\n<h4>Zoom<\/h4>\n<\/li>\n<\/ul>\n<p>You can browse the product and change sizes. By default, the slider changes the 3d model of the fa\u00e7ade proportionally. To enter your size, you need to unlock the icon in the form of &#8221; &#8220;, set your size (the button will appear) Save. After a short pause, the program will complete the calculation and the carved fa\u00e7ade will be saved in your dimensions. It is better to order a carved wooden fa\u00e7ade for furniture No. 4 with a thickness of 19mm, this is the optimal minimum.    <\/p>\n<h1>2.The most important information (<strong>Price? <\/strong>)<\/h1>\n<p>The price of the finished furniture fa\u00e7ade in the store is as realistic as possible. One of the options for reducing the cost of the product is materials. The price difference for 1M\u00b3 can exceed $ 2000. and much more. Furniture oils can vary greatly from brand to brand. Also, the price depends on the area of the treated surface and additional options. The higher the relief of the d\u00e9cor and density, the longer the processing time. Write to the mail, call and we will answer all your questions.       <\/p>\n<p>&nbsp;<\/p>\n<p>&nbsp;<\/p>\n","protected":false},"excerpt":{"rendered":"<p><img decoding=\"async\" class=\" wd-lazy-fade alignleft wp-image-674 size-thumbnail\" title=\"Carved wooden fa\u00e7ade for furniture No. 4\" src=\"https:\/\/decorcnc.com\/wp-content\/themes\/woodmart\/images\/lazy.svg\" data-src=\"https:\/\/decorcnc.com\/wp-content\/uploads\/121F fasady i paneli reznyye\/4-paneli_reznyye_v1-150x150.png\" alt=\"Carved wooden fa\u00e7ade for furniture No. 4 to order.\" width=\"150\" height=\"150\" srcset=\"\" data-srcset=\"https:\/\/decorcnc.com\/wp-content\/uploads\/121F%20fasady%20i%20paneli%20reznyye\/4-paneli_reznyye_v1-150x150.png 150w, https:\/\/decorcnc.com\/wp-content\/uploads\/121F%20fasady%20i%20paneli%20reznyye\/4-paneli_reznyye_v1-430x430.png 430w, https:\/\/decorcnc.com\/wp-content\/uploads\/121F%20fasady%20i%20paneli%20reznyye\/4-paneli_reznyye_v1-700x700.png 700w, https:\/\/decorcnc.com\/wp-content\/uploads\/121F%20fasady%20i%20paneli%20reznyye\/4-paneli_reznyye_v1-300x300.png 300w, https:\/\/decorcnc.com\/wp-content\/uploads\/121F%20fasady%20i%20paneli%20reznyye\/4-paneli_reznyye_v1-768x768.png 768w, https:\/\/decorcnc.com\/wp-content\/uploads\/121F%20fasady%20i%20paneli%20reznyye\/4-paneli_reznyye_v1-31x31.png 31w, https:\/\/decorcnc.com\/wp-content\/uploads\/121F%20fasady%20i%20paneli%20reznyye\/4-paneli_reznyye_v1-71x71.png 71w, https:\/\/decorcnc.com\/wp-content\/uploads\/121F%20fasady%20i%20paneli%20reznyye\/4-paneli_reznyye_v1-120x120.png 120w, https:\/\/decorcnc.com\/wp-content\/uploads\/121F%20fasady%20i%20paneli%20reznyye\/4-paneli_reznyye_v1-450x450.png 450w, https:\/\/decorcnc.com\/wp-content\/uploads\/121F%20fasady%20i%20paneli%20reznyye\/4-paneli_reznyye_v1-80x80.png 80w, https:\/\/decorcnc.com\/wp-content\/uploads\/121F%20fasady%20i%20paneli%20reznyye\/4-paneli_reznyye_v1.png 800w\" sizes=\"(max-width: 150px) 100vw, 150px\" \/><\/p>\n<h1>Carved wooden fa\u00e7ade for furniture No. 4 to order<\/h1>\n<h2>Introduction to the carved wooden fa\u00e7ade<\/h2>\n<p>A carved wooden fa\u00e7ade for furniture is an element that gives products uniqueness and elegance. Ordering such elements from wood on CNC machines ensures high accuracy and quality of workmanship. This is especially important for those who value individuality in the design of their furniture.  <\/p>\n<h2>Advantages of using carved facades<\/h2>\n<p>Carved facades not only look stylish, but also emphasize the naturalness of wood, making the furniture more attractive. Such facades can become an exquisite accent in the interior, breathing life into any room. The use of CNC machines allows you to achieve detailed machining, which in manual threading could take longer and require significant effort.  <\/p>\n<h2>Why order a custom fa\u00e7ade?<\/h2>\n<p>Ordering a custom carved fa\u00e7ade allows you to realize your ideas and design needs. Each project is unique, which makes the furniture impressive and unique. It also allows you to take into account the specifics of your interior, especially if you have specific design solutions. Make sure to choose a reliable supplier to ensure the quality and durability of your choice.   <\/p>\n","protected":false},"featured_media":923,"comment_status":"open","ping_status":"closed","template":"","meta":[],"product_brand":[],"product_cat":[204,184,179],"product_tag":[],"class_list":{"0":"post-36280","1":"product","2":"type-product","3":"status-publish","4":"has-post-thumbnail","6":"product_cat-carved-facades-3d-panels-decorative-grilles-for-the-interior","7":"product_cat-carved-wood-decor","8":"product_cat-solid-wood-furniture","9":"pa_p3d_coating-all-en","10":"pa_p3d_cutting_instructions-all-en","11":"pa_p3d_filename-all-ru","12":"pa_p3d_infill-all","13":"pa_p3d_material-all-en","14":"pa_p3d_model-all","15":"pa_p3d_original_url-all-en","16":"pa_p3d_postprocessing-all-en","17":"pa_p3d_printer-10-3d-model","18":"pa_p3d_printer-3-en","19":"pa_p3d_scale-all-en","20":"pa_p3d_unit-all-en-3","21":"tm-no-options","23":"first","24":"instock","25":"shipping-taxable","26":"purchasable","27":"product-type-variable"},"_links":{"self":[{"href":"https:\/\/decorcnc.com\/en\/wp-json\/wp\/v2\/product\/36280","targetHints":{"allow":["GET"]}}],"collection":[{"href":"https:\/\/decorcnc.com\/en\/wp-json\/wp\/v2\/product"}],"about":[{"href":"https:\/\/decorcnc.com\/en\/wp-json\/wp\/v2\/types\/product"}],"replies":[{"embeddable":true,"href":"https:\/\/decorcnc.com\/en\/wp-json\/wp\/v2\/comments?post=36280"}],"wp:featuredmedia":[{"embeddable":true,"href":"https:\/\/decorcnc.com\/en\/wp-json\/wp\/v2\/media\/923"}],"wp:attachment":[{"href":"https:\/\/decorcnc.com\/en\/wp-json\/wp\/v2\/media?parent=36280"}],"wp:term":[{"taxonomy":"product_brand","embeddable":true,"href":"https:\/\/decorcnc.com\/en\/wp-json\/wp\/v2\/product_brand?post=36280"},{"taxonomy":"product_cat","embeddable":true,"href":"https:\/\/decorcnc.com\/en\/wp-json\/wp\/v2\/product_cat?post=36280"},{"taxonomy":"product_tag","embeddable":true,"href":"https:\/\/decorcnc.com\/en\/wp-json\/wp\/v2\/product_tag?post=36280"}],"curies":[{"name":"wp","href":"https:\/\/api.w.org\/{rel}","templated":true}]}}