{"id":1612,"date":"2023-04-07T16:42:49","date_gmt":"2023-04-07T13:42:49","guid":{"rendered":"https:\/\/decorcnc.com\/inicio\/"},"modified":"2025-12-08T18:35:59","modified_gmt":"2025-12-08T16:35:59","slug":"inicio","status":"publish","type":"page","link":"https:\/\/decorcnc.com\/es\/","title":{"rendered":"Inicio"},"content":{"rendered":"\n<div id=\"wd-f2ee54e6\" class=\"wp-block-wd-section\">\n<div id=\"wd-1e563bea\" class=\"wp-block-wd-row\">\n<div id=\"wd-9bd9145d\" class=\"wp-block-wd-column\">\n<h2 id=\"wd-057c2eb7\" class=\"wp-block-wd-title title wd-align wd-custom-width\"><strong>DecorCNC &#8211; Servicios de fresado CNC y modelado 3D.<\/strong><\/h2>\n\n\n\n<p id=\"wd-232749d8\" class=\"wp-block-wd-paragraph wd-align wd-custom-width\">Para dise\u00f1adores de interiores, fabricantes de muebles y particulares. Mecanizado CNC de madera, mdf, pl\u00e1sticos de modelado y otros materiales. Modelado 3D, dise\u00f1o de muebles y mucho m\u00e1s. Estamos especializados en encargos individuales y complejos. Pedidos \u00fanicos y peque\u00f1os lotes. No hace falta que tengas planos o un modelo ya hecho, podemos solucionarlo todo. Estamos dispuestos a cooperar en beneficio mutuo.<\/p>\n\n\n\n<div id=\"wd-44df2c58\" class=\"wp-block-wd-row wd-custom-width\">\n<div id=\"wd-98ac9512\" class=\"wp-block-wd-column\">\n<div id=\"wd-38aa8a71\" class=\"wp-block-wd-infobox wd-hover-parent wd-icon-top\">\n<div id=\"wd-a8a37948\" class=\"wp-block-wd-icon\"><img decoding=\"async\" width=\"64\" height=\"64\" class=\" wd-lazy-fade wp-image-35559\" src=\"https:\/\/decorcnc.com\/wp-content\/themes\/woodmart\/images\/lazy.svg\" data-src=\"https:\/\/decorcnc.com\/wp-content\/uploads\/baner\/delivery.svg\" alt=\"\" title=\"\"><\/div>\n\n\n\n<div id=\"wd-ea714da4\" class=\"wp-block-wd-container wd-dir-col\">\n<h2 id=\"wd-6df553b2\" class=\"wp-block-wd-title title\">Tiempo de producci\u00f3n<\/h2>\n\n\n\n<p id=\"wd-40b706fa\" class=\"wp-block-wd-paragraph\">Seg\u00fan la complejidad. De 1 a 30 d\u00edas. Sujeto a negociaci\u00f3n.  <\/p>\n<\/div>\n<\/div>\n<\/div>\n\n\n\n<div id=\"wd-da0ed584\" class=\"wp-block-wd-column\">\n<div id=\"wd-c6b0e3f8\" class=\"wp-block-wd-infobox wd-hover-parent wd-icon-top\">\n<div id=\"wd-bac2d087\" class=\"wp-block-wd-icon\"><img decoding=\"async\" width=\"64\" height=\"64\" class=\" wd-lazy-fade wp-image-35563\" src=\"https:\/\/decorcnc.com\/wp-content\/themes\/woodmart\/images\/lazy.svg\" data-src=\"https:\/\/decorcnc.com\/wp-content\/uploads\/baner\/payment.svg\" alt=\"\" title=\"\"><\/div>\n\n\n\n<div id=\"wd-303674c5\" class=\"wp-block-wd-container wd-dir-col\">\n<h2 id=\"wd-3854d814\" class=\"wp-block-wd-title title\">Pago por trabajo<\/h2>\n\n\n\n<p id=\"wd-3e134b98\" class=\"wp-block-wd-paragraph\">El pago por adelantado es del 100%. Pago s\u00f3lo despu\u00e9s de la aprobaci\u00f3n. Negociable.  <\/p>\n<\/div>\n<\/div>\n<\/div>\n<\/div>\n<\/div>\n\n\n\n<div id=\"wd-5e5e720e\" class=\"wp-block-wd-column\">\n<div id=\"wd-61ab86d4\" class=\"wp-block-wd-image wd-block-image\"><img decoding=\"async\" width=\"768\" height=\"540\" class=\" wd-lazy-fade wp-image-2324\" src=\"https:\/\/decorcnc.com\/wp-content\/themes\/woodmart\/images\/lazy.svg\" data-src=\"https:\/\/decorcnc.com\/wp-content\/uploads\/Icons\/baner-decorcnc_768x540-n.jpg\" alt=\"\" title=\"\" srcset=\"\" data-srcset=\"https:\/\/decorcnc.com\/wp-content\/uploads\/Icons\/baner-decorcnc_768x540-n.jpg 768w, https:\/\/decorcnc.com\/wp-content\/uploads\/Icons\/baner-decorcnc_768x540-n-430x302.jpg 430w, https:\/\/decorcnc.com\/wp-content\/uploads\/Icons\/baner-decorcnc_768x540-n-150x105.jpg 150w, https:\/\/decorcnc.com\/wp-content\/uploads\/Icons\/baner-decorcnc_768x540-n-700x492.jpg 700w, https:\/\/decorcnc.com\/wp-content\/uploads\/Icons\/baner-decorcnc_768x540-n-300x211.jpg 300w, https:\/\/decorcnc.com\/wp-content\/uploads\/Icons\/baner-decorcnc_768x540-n-450x316.jpg 450w\" sizes=\"(max-width: 768px) 100vw, 768px\" \/><\/div>\n<\/div>\n<\/div>\n<\/div>\n\n<div id=\"wd-9c87a9c4\" class=\"wp-block-wd-container wd-dir-col wd-align\">\n<p id=\"wd-26f543a3\" class=\"wp-block-wd-paragraph wd-align\">\u00bfPor qu\u00e9 nosotros?  <strong>Porque s\u00f3lo aceptamos trabajos que podemos entregar al 100%. En general, es f\u00e1cil trabajar con nosotros.<\/strong><\/p>\n\n\n\n<h2 id=\"wd-c9f5795a\" class=\"wp-block-wd-title title wd-align wd-align-s-center\">Ofertas \u00fanicas para clientes \u00fanicos \u00a1Decoraci\u00f3n en madera tallada para muebles e interiores en CNC!<\/h2>\n<\/div>\n\n<div id=\"wd-34ea49ac\" class=\"wp-block-wd-section\">\n<div id=\"wd-2dd48387\" class=\"wp-block-wd-row\">\n<div id=\"wd-47e6d6aa\" class=\"wp-block-wd-column\">\n<div id=\"wd-57c553bb\" class=\"wp-block-wd-infobox wd-hover-parent wd-align wd-icon-top\"><a class=\"wd-block-infobox-link wd-fill\" rel=\"noreferrer noopener\" href=\"https:\/\/decorcnc.com\/es\/product-category\/nuestros-servicios\/modelado-3d\/\" target=\"_blank\" aria-label=\"Infobox link\"><\/a>\n<div id=\"wd-b6ce95ca\" class=\"wp-block-wd-icon wd-align-s-center\"><img decoding=\"async\" width=\"257\" height=\"200\" class=\" wd-lazy-fade wp-image-183\" src=\"https:\/\/decorcnc.com\/wp-content\/themes\/woodmart\/images\/lazy.svg\" data-src=\"https:\/\/decorcnc.com\/wp-content\/uploads\/Articles\/3d_model_decocnc.bk_.png\" alt=\"\" title=\"\" srcset=\"\" data-srcset=\"https:\/\/decorcnc.com\/wp-content\/uploads\/Articles\/3d_model_decocnc.bk_.png 257w, https:\/\/decorcnc.com\/wp-content\/uploads\/Articles\/3d_model_decocnc.bk_-150x117.png 150w\" sizes=\"(max-width: 257px) 100vw, 257px\" \/><\/div>\n\n\n\n<div id=\"wd-a363eda2\" class=\"wp-block-wd-container wd-dir-col\">\n<h2 id=\"wd-bf457b59\" class=\"wp-block-wd-title title wd-align\"><strong>Modelado y visualizaci\u00f3n 3D<\/strong><\/h2>\n\n\n\n<p id=\"wd-4caec2cb\" class=\"wp-block-wd-paragraph wd-align\">Convirtamos un dibujo 2D en un modelo 3D. Trabajamos con dibujos de tipo electr\u00f3nico, as\u00ed como con versiones en papel y escaneadas.<\/p>\n\n\n\n<a id=\"wd-30ec7fd1\" class=\"wp-block-wd-button btn btn-style-link btn-color-primary btn-size-default wd-align-s-center\" rel=\"noreferrer noopener\" href=\"https:\/\/decorcnc.com\/es\/product-category\/nuestros-servicios\/modelado-3d\/\" target=\"_blank\"><span>Leer m\u00e1s<\/span><\/a>\n<\/div>\n<\/div>\n\n\n\n<div id=\"wd-b33a67b0\" class=\"wp-block-wd-infobox wd-hover-parent wd-align wd-icon-top\"><a class=\"wd-block-infobox-link wd-fill\" href=\"#\" aria-label=\"Infobox link\"><\/a>\n<div id=\"wd-571f37c0\" class=\"wp-block-wd-icon wd-align-s-center\"><img decoding=\"async\" width=\"300\" height=\"300\" class=\" wd-lazy-fade wp-image-2173\" src=\"https:\/\/decorcnc.com\/wp-content\/themes\/woodmart\/images\/lazy.svg\" data-src=\"https:\/\/decorcnc.com\/wp-content\/uploads\/Icons\/mebli-z-masyvu-dereva-300.png\" alt=\"Muebles de madera maciza\" title=\"\" srcset=\"\" data-srcset=\"https:\/\/decorcnc.com\/wp-content\/uploads\/Icons\/mebli-z-masyvu-dereva-300.png 300w, https:\/\/decorcnc.com\/wp-content\/uploads\/Icons\/mebli-z-masyvu-dereva-300-150x150.png 150w, https:\/\/decorcnc.com\/wp-content\/uploads\/Icons\/mebli-z-masyvu-dereva-300-31x31.png 31w, https:\/\/decorcnc.com\/wp-content\/uploads\/Icons\/mebli-z-masyvu-dereva-300-71x71.png 71w, https:\/\/decorcnc.com\/wp-content\/uploads\/Icons\/mebli-z-masyvu-dereva-300-120x120.png 120w\" sizes=\"(max-width: 300px) 100vw, 300px\" \/><\/div>\n\n\n\n<div id=\"wd-404b8d4a\" class=\"wp-block-wd-container wd-dir-col\">\n<h2 id=\"wd-c2cbc29a\" class=\"wp-block-wd-title title wd-align\"><strong>Muebles de madera natural<\/strong><\/h2>\n\n\n\n<p id=\"wd-1de0f216\" class=\"wp-block-wd-paragraph wd-align\">Producci\u00f3n de muebles exclusivos hechos a medida con materiales de alta calidad. Fabricamos seg\u00fan tus especificaciones u ofrecemos<\/p>\n\n\n\n<a id=\"wd-3ae64c1e\" class=\"wp-block-wd-button btn btn-style-link btn-color-primary btn-size-default wd-align-s-center\" rel=\"noreferrer noopener\" href=\"https:\/\/decorcnc.com\/es\/product-category\/muebles-de-madera-solida\/\" target=\"_blank\"><span>Leer m\u00e1s<\/span><\/a>\n<\/div>\n<\/div>\n<\/div>\n\n\n\n<div id=\"wd-093c30f6\" class=\"wp-block-wd-column wd-align-is-lg-center wd-hide-md-sm wd-hide-sm\">\n<div id=\"wd-46ff9c62\" class=\"wp-block-wd-image wd-block-image\"><img decoding=\"async\" width=\"1024\" height=\"1024\" class=\" wd-lazy-fade wp-image-35546\" src=\"https:\/\/decorcnc.com\/wp-content\/themes\/woodmart\/images\/lazy.svg\" data-src=\"https:\/\/decorcnc.com\/wp-content\/uploads\/baner\/706fc103-bd81-42fe-a965-b6fd0b642b6a.jpeg\" alt=\"\" title=\"\" srcset=\"\" data-srcset=\"https:\/\/decorcnc.com\/wp-content\/uploads\/baner\/706fc103-bd81-42fe-a965-b6fd0b642b6a.jpeg 1024w, https:\/\/decorcnc.com\/wp-content\/uploads\/baner\/706fc103-bd81-42fe-a965-b6fd0b642b6a-430x430.jpeg 430w, https:\/\/decorcnc.com\/wp-content\/uploads\/baner\/706fc103-bd81-42fe-a965-b6fd0b642b6a-150x150.jpeg 150w, https:\/\/decorcnc.com\/wp-content\/uploads\/baner\/706fc103-bd81-42fe-a965-b6fd0b642b6a-700x700.jpeg 700w, https:\/\/decorcnc.com\/wp-content\/uploads\/baner\/706fc103-bd81-42fe-a965-b6fd0b642b6a-300x300.jpeg 300w, https:\/\/decorcnc.com\/wp-content\/uploads\/baner\/706fc103-bd81-42fe-a965-b6fd0b642b6a-800x800.jpeg 800w, https:\/\/decorcnc.com\/wp-content\/uploads\/baner\/706fc103-bd81-42fe-a965-b6fd0b642b6a-768x768.jpeg 768w\" sizes=\"(max-width: 1024px) 100vw, 1024px\" \/><\/div>\n<\/div>\n\n\n\n<div id=\"wd-0b4d674f\" class=\"wp-block-wd-column\">\n<div id=\"wd-e7fcea0f\" class=\"wp-block-wd-infobox wd-hover-parent wd-icon-top\"><a class=\"wd-block-infobox-link wd-fill\" href=\"#\" aria-label=\"Infobox link\"><\/a>\n<div id=\"wd-d9989520\" class=\"wp-block-wd-icon wd-align-s-center\"><img decoding=\"async\" width=\"300\" height=\"300\" class=\" wd-lazy-fade wp-image-2177\" src=\"https:\/\/decorcnc.com\/wp-content\/themes\/woodmart\/images\/lazy.svg\" data-src=\"https:\/\/decorcnc.com\/wp-content\/uploads\/Icons\/rizblenyj-dekor-z-dereva-300.png\" alt=\"Decoraci\u00f3n de madera tallada\" title=\"\" srcset=\"\" data-srcset=\"https:\/\/decorcnc.com\/wp-content\/uploads\/Icons\/rizblenyj-dekor-z-dereva-300.png 300w, https:\/\/decorcnc.com\/wp-content\/uploads\/Icons\/rizblenyj-dekor-z-dereva-300-150x150.png 150w, https:\/\/decorcnc.com\/wp-content\/uploads\/Icons\/rizblenyj-dekor-z-dereva-300-31x31.png 31w, https:\/\/decorcnc.com\/wp-content\/uploads\/Icons\/rizblenyj-dekor-z-dereva-300-71x71.png 71w, https:\/\/decorcnc.com\/wp-content\/uploads\/Icons\/rizblenyj-dekor-z-dereva-300-120x120.png 120w\" sizes=\"(max-width: 300px) 100vw, 300px\" \/><\/div>\n\n\n\n<div id=\"wd-65397649\" class=\"wp-block-wd-container wd-dir-col\">\n<h2 id=\"wd-91bb8283\" class=\"wp-block-wd-title title wd-align\"><strong>Decoraci\u00f3n de madera tallada CNC<\/strong><\/h2>\n\n\n\n<p id=\"wd-ba0a1d6c\" class=\"wp-block-wd-paragraph wd-align\">Decoraci\u00f3n superpuesta para la fabricaci\u00f3n de muebles. Productos de madera tallada a medida de gran detalle, para decorar muebles, apartamentos, casas, interiores<\/p>\n\n\n\n<a id=\"wd-38aaff69\" class=\"wp-block-wd-button btn btn-style-link btn-color-primary btn-size-default wd-align-s-center\" rel=\"noreferrer noopener\" href=\"https:\/\/decorcnc.com\/es\/product-category\/decoracion-de-madera-tallada\/\" target=\"_blank\"><span>Leer m\u00e1s<\/span><\/a>\n<\/div>\n<\/div>\n\n\n\n<div id=\"wd-128d8e78\" class=\"wp-block-wd-infobox wd-hover-parent wd-icon-top\"><a class=\"wd-block-infobox-link wd-fill\" href=\"#\" aria-label=\"Infobox link\"><\/a>\n<div id=\"wd-b7999916\" class=\"wp-block-wd-icon wd-align-s-center\"><img decoding=\"async\" width=\"300\" height=\"300\" class=\" wd-lazy-fade wp-image-2181\" src=\"https:\/\/decorcnc.com\/wp-content\/themes\/woodmart\/images\/lazy.svg\" data-src=\"https:\/\/decorcnc.com\/wp-content\/uploads\/Icons\/2d-3d-frezeruvannya-na-chpu-300.png\" alt=\"Fresado CNC 2D-3D\" title=\"\" srcset=\"\" data-srcset=\"https:\/\/decorcnc.com\/wp-content\/uploads\/Icons\/2d-3d-frezeruvannya-na-chpu-300.png 300w, https:\/\/decorcnc.com\/wp-content\/uploads\/Icons\/2d-3d-frezeruvannya-na-chpu-300-150x150.png 150w, https:\/\/decorcnc.com\/wp-content\/uploads\/Icons\/2d-3d-frezeruvannya-na-chpu-300-31x31.png 31w, https:\/\/decorcnc.com\/wp-content\/uploads\/Icons\/2d-3d-frezeruvannya-na-chpu-300-71x71.png 71w, https:\/\/decorcnc.com\/wp-content\/uploads\/Icons\/2d-3d-frezeruvannya-na-chpu-300-120x120.png 120w\" sizes=\"(max-width: 300px) 100vw, 300px\" \/><\/div>\n\n\n\n<div id=\"wd-8f8631a6\" class=\"wp-block-wd-container wd-dir-col\">\n<h2 id=\"wd-44d9c6d3\" class=\"wp-block-wd-title title wd-align\"><strong>Fresado 3d en CNC<\/strong><\/h2>\n\n\n\n<p id=\"wd-2aab8d73\" class=\"wp-block-wd-paragraph wd-align\">Fresado, grabado y corte en m\u00e1quinas CNC. Producci\u00f3n de fachadas de muebles y otros productos seg\u00fan tus dibujos, bocetos o modelos 3D.<\/p>\n\n\n\n<a id=\"wd-cb0f7bc2\" class=\"wp-block-wd-button btn btn-style-link btn-color-primary btn-size-default wd-align-s-center\" rel=\"noreferrer noopener\" href=\"https:\/\/decorcnc.com\/es\/product-category\/nuestros-servicios\/fresado-cnc-2d-3d\/\" target=\"_blank\"><span>Leer m\u00e1s<\/span><\/a>\n<\/div>\n<\/div>\n<\/div>\n<\/div>\n<\/div>\n\n<p><\/p>\n\n<div id=\"wd-7c4769d4\" class=\"wp-block-wd-row\">\n<div id=\"wd-5919f385\" class=\"wp-block-wd-column wd-align-is-lg-flex-end\">\n<div id=\"wd-280d243b\" class=\"wp-block-wd-image wd-block-image wd-parallax-on-scroll wd_scroll_x_0 wd_scroll_y_-30 wd_scroll_z_0 wd_scroll_smoothness_30 wd-align-s-end\"><img decoding=\"async\" width=\"845\" height=\"635\" class=\" wd-lazy-fade wp-image-2218\" src=\"https:\/\/decorcnc.com\/wp-content\/themes\/woodmart\/images\/lazy.svg\" data-src=\"https:\/\/decorcnc.com\/wp-content\/uploads\/Icons\/baner-dekor-ynterera-845x635-1.jpg\" alt=\"&#x414;&#x435;&#x43A;&#x43E;&#x440; &#x456;&#x43D;&#x442;&#x435;&#x440;&#x2019;&#x454;&#x440;&#x443;.\" title=\"\" srcset=\"\" data-srcset=\"https:\/\/decorcnc.com\/wp-content\/uploads\/Icons\/baner-dekor-ynterera-845x635-1.jpg 845w, https:\/\/decorcnc.com\/wp-content\/uploads\/Icons\/baner-dekor-ynterera-845x635-1-430x323.jpg 430w, https:\/\/decorcnc.com\/wp-content\/uploads\/Icons\/baner-dekor-ynterera-845x635-1-150x113.jpg 150w, https:\/\/decorcnc.com\/wp-content\/uploads\/Icons\/baner-dekor-ynterera-845x635-1-700x526.jpg 700w, https:\/\/decorcnc.com\/wp-content\/uploads\/Icons\/baner-dekor-ynterera-845x635-1-300x225.jpg 300w, https:\/\/decorcnc.com\/wp-content\/uploads\/Icons\/baner-dekor-ynterera-845x635-1-768x577.jpg 768w, https:\/\/decorcnc.com\/wp-content\/uploads\/Icons\/baner-dekor-ynterera-845x635-1-450x338.jpg 450w\" sizes=\"(max-width: 845px) 100vw, 845px\" \/><\/div>\n<\/div>\n\n\n\n<div id=\"wd-506b7c01\" class=\"wp-block-wd-column wd-align wd-parallax-on-scroll wd_scroll_x_0 wd_scroll_y_20 wd_scroll_z_0 wd_scroll_smoothness_30\">\n<h2 id=\"wd-2166705f\" class=\"wp-block-wd-title title wd-align wd-custom-width\">Decoraci\u00f3n de <em><strong>interiores<\/strong>.<\/em>Haremos seg\u00fan tus bocetos<\/h2>\n\n\n\n<ul id=\"wd-6971e067\" class=\"wp-block-wd-list wd-list wd-type-unordered wd-style-default\">\n<li id=\"wd-398530f4\" class=\"wp-block-wd-list-item\"><div class=\"wd-icon\"><\/div><span class=\"wd-list-content\">Elementos decorativos en CNC<\/span><\/li>\n\n\n\n<li id=\"wd-64f407bd\" class=\"wp-block-wd-list-item\"><div class=\"wd-icon\"><\/div><span class=\"wd-list-content\">Para la cocina, el comedor<\/span><\/li>\n\n\n\n<li id=\"wd-03587f76\" class=\"wp-block-wd-list-item\"><div class=\"wd-icon\"><\/div><span class=\"wd-list-content\">Para bares, cafeter\u00edas<\/span><\/li>\n\n\n\n<li id=\"wd-687af96c\" class=\"wp-block-wd-list-item\"><div class=\"wd-icon\"><\/div><span class=\"wd-list-content\">Para oficina y aulas<\/span><\/li>\n\n\n\n<li id=\"wd-c2e96f8d\" class=\"wp-block-wd-list-item\"><div class=\"wd-icon\"><\/div><span class=\"wd-list-content\">Para el dormitorio<\/span><\/li>\n\n\n\n<li id=\"wd-50ed8ac2\" class=\"wp-block-wd-list-item\"><div class=\"wd-icon\"><\/div><span class=\"wd-list-content\">Para el pasillo<\/span><\/li>\n\n\n\n<li id=\"wd-912056f2\" class=\"wp-block-wd-list-item\"><div class=\"wd-icon\"><\/div><span class=\"wd-list-content\">Para el aseo<\/span><\/li>\n\n\n\n<li id=\"wd-15be220c\" class=\"wp-block-wd-list-item\"><div class=\"wd-icon\"><\/div><span class=\"wd-list-content\">Muebles para el jard\u00edn y la casa de campo<\/span><\/li>\n<\/ul>\n\n\n\n<div id=\"wd-d7929fb0\" class=\"wp-block-wd-container wd-dir-row\">\n<a id=\"wd-579cfe54\" class=\"wp-block-wd-button btn btn-style-bordered btn-size-default btn-shape-semi-round wd-hide-lg wd-hide-md-sm wd-hide-sm\" href=\"https:\/\/decorcnc.com\/es\/product-category\/nuestros-servicios\/\"><span>Ver m\u00e1s<\/span><\/a>\n<\/div>\n<\/div>\n<\/div>\n\n<div id=\"wd-728cbf4b\" class=\"wp-block-wd-row\">\n<div id=\"wd-ff84d945\" class=\"wp-block-wd-column wd-align wd-parallax-on-scroll wd_scroll_x_0 wd_scroll_y_20 wd_scroll_z_0 wd_scroll_smoothness_30\">\n<h2 id=\"wd-73ddd9c1\" class=\"wp-block-wd-title title wd-align wd-custom-width\"><em> <strong>Decoraci\u00f3n<\/strong> tallada con CNC<\/em>.<\/h2>\n\n\n\n<ul id=\"wd-dfbfab11\" class=\"wp-block-wd-list wd-list wd-align wd-type-unordered wd-style-default\">\n<li id=\"wd-35e3a01c\" class=\"wp-block-wd-list-item\"><div class=\"wd-icon\"><\/div><span class=\"wd-list-content\">Baguetas y molduras talladas.<\/span><\/li>\n\n\n\n<li id=\"wd-743c0a98\" class=\"wp-block-wd-list-item\"><div class=\"wd-icon\"><\/div><span class=\"wd-list-content\">Balaustres y barandillas de escalera tallados.<\/span><\/li>\n\n\n\n<li id=\"wd-ca91bbd8\" class=\"wp-block-wd-list-item\"><div class=\"wd-icon\"><\/div><span class=\"wd-list-content\">Cartelas talladas, paneles tridimensionales y bajorrelieves.<\/span><\/li>\n\n\n\n<li id=\"wd-9f47eac4\" class=\"wp-block-wd-list-item\"><div class=\"wd-icon\"><\/div><span class=\"wd-list-content\">Consolas talladas, m\u00e9nsulas, capiteles, pilastras de madera natural.<\/span><\/li>\n\n\n\n<li id=\"wd-66168dc6\" class=\"wp-block-wd-list-item\"><div class=\"wd-icon\"><\/div><span class=\"wd-list-content\">Marcos tallados para espejos y cuadros.<\/span><\/li>\n\n\n\n<li id=\"wd-864e6ae3\" class=\"wp-block-wd-list-item\"><div class=\"wd-icon\"><\/div><span class=\"wd-list-content\">Fachadas talladas en puertas de muebles y camas, paneles 3d y rejas decorativas de madera.<\/span><\/li>\n\n\n\n<li id=\"wd-ad10824e\" class=\"wp-block-wd-list-item\"><div class=\"wd-icon\"><\/div><span class=\"wd-list-content\">Decoraci\u00f3n tallada (superposiciones) para puertas y muebles<\/span><\/li>\n<\/ul>\n\n\n\n<div id=\"wd-d9af3bdc\" class=\"wp-block-wd-container wd-dir-row wd-dir-row-md\">\n<a id=\"wd-57c7acc3\" class=\"wp-block-wd-button btn btn-style-bordered btn-size-default btn-shape-semi-round wd-hide-lg wd-hide-md-sm wd-hide-sm\" href=\"https:\/\/decorcnc.com\/es\/product-category\/decoracion-de-madera-tallada\/\"><span>Ver m\u00e1s<\/span><\/a>\n<\/div>\n<\/div>\n\n\n\n<div id=\"wd-53d905b4\" class=\"wp-block-wd-column\">\n<div id=\"wd-b3167943\" class=\"wp-block-wd-image wd-block-image wd-parallax-on-scroll wd_scroll_x_0 wd_scroll_y_-30 wd_scroll_z_0 wd_scroll_smoothness_30 wd-align-s-start\"><img decoding=\"async\" width=\"835\" height=\"635\" class=\" wd-lazy-fade wp-image-35427\" src=\"https:\/\/decorcnc.com\/wp-content\/themes\/woodmart\/images\/lazy.svg\" data-src=\"https:\/\/decorcnc.com\/wp-content\/uploads\/baner\/6cba853d-7ece-46ba-95f4-241a21ddd98e-e1740139559928.jpeg\" alt=\"&#x420;&#x456;&#x437;&#x44C;&#x431;&#x43B;&#x435;&#x43D;&#x438;&#x439; &#x434;&#x435;&#x43A;&#x43E;&#x440; &#x43D;&#x430; &#x427;&#x41F;&#x423;\" title=\"\" srcset=\"\" data-srcset=\"https:\/\/decorcnc.com\/wp-content\/uploads\/baner\/6cba853d-7ece-46ba-95f4-241a21ddd98e-e1740139559928.jpeg 835w, https:\/\/decorcnc.com\/wp-content\/uploads\/baner\/6cba853d-7ece-46ba-95f4-241a21ddd98e-e1740139559928-430x327.jpeg 430w, https:\/\/decorcnc.com\/wp-content\/uploads\/baner\/6cba853d-7ece-46ba-95f4-241a21ddd98e-e1740139559928-150x114.jpeg 150w, https:\/\/decorcnc.com\/wp-content\/uploads\/baner\/6cba853d-7ece-46ba-95f4-241a21ddd98e-e1740139559928-700x532.jpeg 700w, https:\/\/decorcnc.com\/wp-content\/uploads\/baner\/6cba853d-7ece-46ba-95f4-241a21ddd98e-e1740139559928-394x300.jpeg 394w, https:\/\/decorcnc.com\/wp-content\/uploads\/baner\/6cba853d-7ece-46ba-95f4-241a21ddd98e-e1740139559928-768x584.jpeg 768w\" sizes=\"(max-width: 835px) 100vw, 835px\" \/><\/div>\n<\/div>\n<\/div>\n\n<div id=\"wd-c8de1b4b\" class=\"wp-block-wd-collapsible-content wd-effect-fade\">\n<div id=\"wd-24ff1989\" class=\"wp-block-wd-container wd-dir-col\">\n<p id=\"wd-131fba32\" class=\"wp-block-wd-paragraph\"><strong>Y un poco m\u00e1s sobre nosotros<\/strong><\/p>\n\n\n\n<h2 id=\"wd-68e1a32e\" class=\"wp-block-wd-title title wd-align\"><strong>Servicios de modelado CNC y 3D para dise\u00f1adores de interiores, fabricantes de muebles y particulares<\/strong><\/h2>\n\n\n\n<p id=\"wd-ed006ced\" class=\"wp-block-wd-paragraph\"><strong>Bienvenido a nuestros servicios de mecanizado CNC y modelado 3D<\/strong><\/p>\n\n\n\n<p id=\"wd-0138dca9\" class=\"wp-block-wd-paragraph\">\u00bfEres dise\u00f1ador de interiores, fabricante de muebles o buscas servicios de modelado CNC y 3D de alta calidad? \u00a1No busques m\u00e1s! En nuestra empresa estamos especializados en ofrecer servicios CNC de primera clase para madera, MDF, pl\u00e1sticos de modelado y otros materiales. Si necesitas ayuda con el modelado 3D, el dise\u00f1o de muebles o cualquier otro servicio relacionado, estamos aqu\u00ed para ayudarte.<\/p>\n\n\n\n<p id=\"wd-c2d253dd\" class=\"wp-block-wd-paragraph\">\u00d3<strong>rdenes individuales y complejas<\/strong><\/p>\n\n\n\n<p id=\"wd-6e6e846d\" class=\"wp-block-wd-paragraph\">Uno de los aspectos clave que nos diferencia de otros proveedores de servicios es nuestra capacidad para gestionar pedidos tanto individuales como complejos. Tanto si necesitas un prototipo \u00fanico como una peque\u00f1a producci\u00f3n en serie, tenemos la experiencia y los recursos para satisfacer tus necesidades con la m\u00e1xima precisi\u00f3n y eficacia.<\/p>\n\n\n\n<p id=\"wd-572bf4fd\" class=\"wp-block-wd-paragraph\"><strong>No hay dibujos? No hay problema.<\/strong><\/p>\n\n\n\n<p id=\"wd-d156c01a\" class=\"wp-block-wd-paragraph\">Te preocupa no tener dibujos o un modelo acabado? \u00a1No te estreses! Nuestro equipo de profesionales altamente cualificados est\u00e1 aqu\u00ed para ayudarte. Con a\u00f1os de experiencia en el sector, podemos ayudarte a dar vida a tus ideas. S\u00f3lo tienes que compartir tu visi\u00f3n con nosotros y nosotros nos encargaremos del resto.<\/p>\n\n\n\n<p id=\"wd-fa1f14ed\" class=\"wp-block-wd-paragraph\"><strong>Cooperaci\u00f3n mutuamente beneficiosa<\/strong><\/p>\n\n\n\n<p id=\"wd-09cfd524\" class=\"wp-block-wd-paragraph\">Creemos en la construcci\u00f3n de relaciones s\u00f3lidas y duraderas con nuestros clientes. Por eso nos comprometemos a ofrecer una cooperaci\u00f3n mutuamente beneficiosa. Nuestro equipo se compromete a comprender tus requisitos exclusivos y a ofrecerte soluciones que no s\u00f3lo satisfagan tus expectativas, sino que las superen. Tu satisfacci\u00f3n es nuestro objetivo final.<\/p>\n\n\n\n<p id=\"wd-0a9ccc95\" class=\"wp-block-wd-paragraph\"><strong>\u00bfPor qu\u00e9 nos eligen?<\/strong><\/p>\n\n\n\n<p id=\"wd-5aa80a5a\" class=\"wp-block-wd-paragraph\">Cuando se trata de servicios de CNC y modelado 3D, s\u00f3lo te mereces lo mejor. He aqu\u00ed algunas razones<br\/>por las que deber\u00edas elegir nuestra empresa:<\/p>\n\n\n\n<ul class=\"wp-block-list\">\n<li><strong>Experiencia:<\/strong> Nuestro equipo est\u00e1 formado por especialistas altamente cualificados con amplia experiencia en mecanizado CNC y modelado 3D.<\/li>\n\n\n\n<li><strong>M\u00e1quinas de alta calidad:<\/strong> Utilizamos m\u00e1quinas CNC de alta calidad y software avanzado para garantizar resultados exactos y precisos.<\/li>\n\n\n\n<li><strong>Garant\u00eda de calidad: <\/strong>Tenemos un estricto proceso de control de calidad para garantizar que todos los productos cumplen las normas de calidad m\u00e1s exigentes.<\/li>\n\n\n\n<li><strong>Entrega puntual: <\/strong>Comprendemos la importancia de la puntualidad. Ten la seguridad de que entregaremos tu pedido a tiempo.<\/li>\n\n\n\n<li><strong>Precios competitivos:<\/strong> Ofrecemos precios competitivos sin comprometer la calidad de nuestros servicios.<\/li>\n<\/ul>\n\n\n\n<p id=\"wd-33e68de4\" class=\"wp-block-wd-paragraph\"><strong>Contacta con nosotros<\/strong><\/p>\n\n\n\n<p>\u00bfEst\u00e1s listo para aprovechar nuestros servicios de CNC y modelado 3D? Ponte en contacto con nosotros hoy mismo Nuestro equipo, amable y bien informado, est\u00e1 aqu\u00ed para responder a cualquier pregunta que puedas tener y ayudarte durante todo el proceso. Experimenta la diferencia de trabajar con un proveedor de servicios fiable y profesional. \u00a1Esperamos tener noticias tuyas!<\/p>\n<\/div>\n\n\n\n<a id=\"wd-7fb85d33\" class=\"wp-block-wd-button btn btn-style-default btn-size-default btn-shape-rectangle\"><span>Leer m\u00e1s<\/span><\/a>\n<\/div>\n","protected":false},"excerpt":{"rendered":"","protected":false},"author":1,"featured_media":0,"parent":0,"menu_order":0,"comment_status":"closed","ping_status":"closed","template":"","meta":{"footnotes":""},"class_list":["post-1612","page","type-page","status-publish","hentry"],"_links":{"self":[{"href":"https:\/\/decorcnc.com\/es\/wp-json\/wp\/v2\/pages\/1612","targetHints":{"allow":["GET"]}}],"collection":[{"href":"https:\/\/decorcnc.com\/es\/wp-json\/wp\/v2\/pages"}],"about":[{"href":"https:\/\/decorcnc.com\/es\/wp-json\/wp\/v2\/types\/page"}],"author":[{"embeddable":true,"href":"https:\/\/decorcnc.com\/es\/wp-json\/wp\/v2\/users\/1"}],"replies":[{"embeddable":true,"href":"https:\/\/decorcnc.com\/es\/wp-json\/wp\/v2\/comments?post=1612"}],"version-history":[{"count":2,"href":"https:\/\/decorcnc.com\/es\/wp-json\/wp\/v2\/pages\/1612\/revisions"}],"predecessor-version":[{"id":37047,"href":"https:\/\/decorcnc.com\/es\/wp-json\/wp\/v2\/pages\/1612\/revisions\/37047"}],"wp:attachment":[{"href":"https:\/\/decorcnc.com\/es\/wp-json\/wp\/v2\/media?parent=1612"}],"curies":[{"name":"wp","href":"https:\/\/api.w.org\/{rel}","templated":true}]}}