{"id":1680,"date":"2023-04-13T08:09:52","date_gmt":"2023-04-13T05:09:52","guid":{"rendered":"https:\/\/decorcnc.com\/politica-de-privacidad\/"},"modified":"2024-05-18T12:50:11","modified_gmt":"2024-05-18T09:50:11","slug":"politica-de-privacidad","status":"publish","type":"page","link":"https:\/\/decorcnc.com\/es\/politica-de-privacidad\/","title":{"rendered":"Pol\u00edtica de privacidad"},"content":{"rendered":"\n<p class=\"has-medium-font-size\"><strong>1. Disposiciones generales<\/strong><\/p>\n\n<p>1.1. Esta Pol\u00edtica de Privacidad establece el procedimiento de obtenci\u00f3n, almacenamiento, procesamiento, uso y divulgaci\u00f3n de los datos personales del usuario. Los datos personales del Usuario son recibidos por el propietario \u00fanico Martyniuk, propietario del portal Decorcnc.com, de los usuarios del sitio al registrarse en el sitio web Decorcnc.com, as\u00ed como al utilizar el sitio web Decorcnc.com Los datos personales del Usuario son rellenados por el Usuario<\/p>\n\n<p>1.2. Para registrarse en el sitio web Decorcnc.com y utilizar el sitio web Decorcnc.com (incluida la publicaci\u00f3n de informaci\u00f3n en \u00e9l, la creaci\u00f3n de una cuenta personal y cualquier otro uso del sitio web), el Usuario debe leer atentamente esta Pol\u00edtica de privacidad y expresar su pleno acuerdo con sus t\u00e9rminos haciendo clic en el bot\u00f3n \u00abRegistrarse\u00bb del sitio web Decorcnc.com en la secci\u00f3n \u00abRegistro\u00bb.<\/p>\n\n<p>1.3. El Usuario no tiene derecho a utilizar el sitio web Decorcnc.com si no est\u00e1 de acuerdo con los t\u00e9rminos de esta Pol\u00edtica de Privacidad, o si no ha alcanzado la edad legal de consentimiento para suscribir acuerdos con Decorcnc.com. o no es un representante autorizado de la empresa.<\/p>\n\n<p>1.4. Al registrarse en el sitio web Decorcnc.com, el Usuario al introducir sus datos personales y\/o al proporcionar estos datos de otra forma, y\/o al realizar cualquier acci\u00f3n dentro del sitio web Decorcnc.com y\/o al utilizar cualquier parte del Sitio, el Usuario da su consentimiento inequ\u00edvoco a los t\u00e9rminos de esta Pol\u00edtica de Privacidad. El Usuario concede a \u00abFOP Martyniuk\u00bb el derecho a recibir, almacenar, procesar, utilizar y divulgar los datos personales del Usuario en los t\u00e9rminos de esta Pol\u00edtica de Privacidad.<\/p>\n\n<p>1.5. Esta Pol\u00edtica de Privacidad no regula y \u00abFOP Martyniuk\u00bb no es responsable de la recepci\u00f3n, almacenamiento, procesamiento, uso y divulgaci\u00f3n de datos personales del Usuario a terceros que no sean propiedad o no est\u00e9n controlados por \u00abFOP Martyniuk\u00bb y a individuos que no sean empleados de \u00abFOP Martyniuk\u00bb, incluso si el Usuario ha accedido a los sitios, bienes o servicios de estas personas a trav\u00e9s del Sitio Web Decorcnc.com o de la lista de correo.<\/p>\n\n<p>1.6. El Usuario reconoce que, en caso de negligencia de su actitud respecto a la seguridad y protecci\u00f3n de sus datos personales y datos de autorizaci\u00f3n, terceras partes pueden obtener acceso no autorizado a la cuenta del Usuario y a sus datos personales y de otro tipo. El propietario \u00fanico Martyniuk \u00abno ser\u00e1 responsable de los da\u00f1os causados por dicho acceso.<\/p>\n\n<p>1.7. Una notificaci\u00f3n suficiente al Usuario sobre la inclusi\u00f3n de sus datos personales en la base de datos \u00abClientes de Martyniuk FOP\u00bb ser\u00e1 una carta de notificaci\u00f3n enviada a la direcci\u00f3n de correo electr\u00f3nico del Usuario especificada durante el registro.<\/p>\n\n<p class=\"has-medium-font-size\"><strong>2. Qu\u00e9 datos personales pueden recogerse<\/strong><\/p>\n\n<p>Recogemos informaci\u00f3n personal, a saber: nombre, apellidos, patron\u00edmico, representante autorizado de la empresa, nombre de la empresa, datos de la empresa, n\u00fameros de contacto, direcci\u00f3n de correo electr\u00f3nico, ubicaci\u00f3n de la empresa. Tambi\u00e9n podemos recopilar otra informaci\u00f3n:<\/p>\n\n<p>Cookies para identificar el navegador del usuario y prestar servicios que dependen de \u00e9l, como almacenar datos en la cesta de la compra entre visitas;<\/p>\n\n<p>La direcci\u00f3n IP del Usuario para mantener un registro de la actividad del Usuario;<\/p>\n\n<p>informaci\u00f3n sobre errores de recursos iniciados por el Usuario;<\/p>\n\n<p>comportamiento del usuario en el sitio web;<\/p>\n\n<p>Toda la informaci\u00f3n es recogida por nosotros \u00abtal cual\u00bb y no es alterada durante el proceso de recogida de datos.<\/p>\n\n<p class=\"has-medium-font-size\"><strong>3. C\u00f3mo utilizar\u00e1 la empresa la informaci\u00f3n sobre ti. Finalidad de uso.<\/strong><\/p>\n\n<p>Podemos utilizar tu nombre, apellidos, patron\u00edmico, direcci\u00f3n de correo electr\u00f3nico y contrase\u00f1a para identificarte como usuario de Decorcnc.com. Podemos mostrar el nombre, apellidos, patron\u00edmico, nombre de la empresa, datos de la empresa, n\u00fameros de contacto, direcci\u00f3n de correo electr\u00f3nico, direcci\u00f3n de la sede de la empresa en las p\u00e1ginas de Decorcnc.com, direcci\u00f3n postal para el env\u00edo de correspondencia.<\/p>\n\n<p>Podemos utilizar tus datos de contacto en listas de correo, concretamente para informarte sobre nuevas oportunidades, promociones y otras noticias de Decorcnc.com. El usuario siempre puede negarse a recibir correos utilizando su informaci\u00f3n de contacto en la secci\u00f3n correspondiente de su cuenta personal.<\/p>\n\n<p>La informaci\u00f3n sobre ti, incluidos los datos personales, se utiliza para garantizar la aplicaci\u00f3n de las relaciones de derecho civil, las relaciones fiscales y contables, y el cumplimiento de las obligaciones contractuales de prestaci\u00f3n de servicios. As\u00ed como para identificar al cliente como usuario del sitio, con el fin de prestar y ofrecer servicios, procesar pagos, enviar ofertas comerciales e informaci\u00f3n por correo, correo electr\u00f3nico, ofrecer nuevos servicios, transferir cualquier informaci\u00f3n distinta del objeto del contrato, realizar operaciones de liquidaci\u00f3n, proporcionar informes, mantener registros contables y de gesti\u00f3n, mejorar la calidad de la prestaci\u00f3n de servicios, proporcionar servicios del sitio, colocar informaci\u00f3n sobre el cliente en el sitio del titular de la base de datos personales, construir y mantener informaci\u00f3n personal<\/p>\n\n<p>En algunos casos, para demostrar la eficacia del sitio y mejorar la imagen del mismo, podemos divulgar estad\u00edsticas sobre el rendimiento de tu sitio sin revelar datos personales ni informaci\u00f3n que constituya un secreto comercial.<\/p>\n\n<p class=\"has-medium-font-size\"><strong>4. Condiciones de acceso a la base de datos<\/strong><\/p>\n\n<p>No compartimos datos personales con terceros, excepto en los casos que se indican a continuaci\u00f3n. El Usuario, al aceptar esta Pol\u00edtica de Privacidad, otorga el derecho a FOP Martyniuk a revelar sus datos personales a terceros que presten servicios a FOP Martyniuk, en particular, pero no exclusivamente, procesar pagos, entregar paquetes. Los terceros pueden utilizar la informaci\u00f3n del usuario s\u00f3lo si prestan servicios a FOP Martyniuk y s\u00f3lo la informaci\u00f3n necesaria para prestar el servicio.<\/p>\n\n<p>Los datos personales tambi\u00e9n se revelan cuando el Usuario encarga bienes\/servicios en Decorcnc.com al proveedor de dichos bienes y servicios, pero s\u00f3lo en la medida necesaria para identificar al Usuario y su pedido.<\/p>\n\n<p>Adem\u00e1s, la divulgaci\u00f3n de datos personales sin el consentimiento del Usuario o de una persona autorizada por \u00e9l est\u00e1 permitida en los casos determinados por la ley y s\u00f3lo en inter\u00e9s de la seguridad nacional, el bienestar econ\u00f3mico y los derechos humanos, en particular, pero no exclusivamente:<\/p>\n\n<p>a petici\u00f3n razonable de los organismos gubernamentales que tienen derecho a solicitar y recibir dichos datos;<\/p>\n\n<p>en caso de que, en opini\u00f3n de \u00abFOP Martyniuk\u00bb, el Usuario viole los t\u00e9rminos de este Acuerdo y\/o de otros contratos y acuerdos entre \u00abFOP Martyniuk\u00bb y el Usuario<\/p>\n\n<p class=\"has-medium-font-size\"><strong>5. C\u00f3mo modificar\/eliminar informaci\u00f3n personal<\/strong><\/p>\n\n<p>Los usuarios pueden modificar\/eliminar su informaci\u00f3n personal o darse de baja del bolet\u00edn en cualquier momento, s\u00f3lo tienen que utilizar la secci\u00f3n \u00abMi cuenta\u00bb.<\/p>\n\n<p>Los datos personales del Usuario se almacenan hasta que el Usuario los elimina.<\/p>\n\n<p>Una notificaci\u00f3n suficiente al Usuario sobre la supresi\u00f3n u otro tratamiento de datos personales ser\u00e1 una carta (informaci\u00f3n) enviada a la direcci\u00f3n de correo electr\u00f3nico info@decorcnc.com.<\/p>\n\n<p class=\"has-medium-font-size\"><strong>6. Direcci\u00f3n de contacto en caso de duda<\/strong><\/p>\n\n<p>Si tienes alguna pregunta, solicitud o queja sobre la informaci\u00f3n que nos facilitas, ponte en contacto con nosotros en: info@Decorcnc.com +3 (8097) 417 2550<\/p>\n\n<p>Previa solicitud por escrito y presentaci\u00f3n de un documento que acredite su identidad y facultades, el Usuario podr\u00e1 recibir informaci\u00f3n sobre el procedimiento para obtener informaci\u00f3n sobre la ubicaci\u00f3n de la base de datos.<\/p>\n\n<p>7. Protecci\u00f3n de la informaci\u00f3n recogida<\/p>\n\n<p>Tomamos todas las medidas razonables para proteger tu privacidad. Todos los datos que recopilamos se almacenan en uno o varios servidores de bases de datos seguros. S\u00f3lo tienen acceso a la informaci\u00f3n del usuario aquellos empleados de FOP Martyniuk que necesiten realizar funciones laborales que requieran acceder a informaci\u00f3n personal del usuario. Todos los empleados que tienen acceso a la informaci\u00f3n de los usuarios han firmado un acuerdo para no revelar dicha informaci\u00f3n a terceros.<\/p>\n\n<p class=\"has-medium-font-size\"><strong>8. Cambios en la pol\u00edtica de privacidad.<\/strong><\/p>\n\n<p>Podemos cambiar los t\u00e9rminos de nuestra pol\u00edtica de privacidad. En este caso, sustituiremos la versi\u00f3n del documento en la p\u00e1gina Pol\u00edtica de privacidad<\/p>\n\n<p>\u00abFOP Martyniuk\u00bb no ser\u00e1 responsable de los da\u00f1os o p\u00e9rdidas sufridos por el Usuario o terceros como consecuencia de la incomprensi\u00f3n o falta de entendimiento de los t\u00e9rminos de esta Pol\u00edtica de Privacidad, instrucciones o directrices sobre c\u00f3mo utilizar el Sitio, sobre el procedimiento de publicaci\u00f3n de datos y otras cuestiones t\u00e9cnicas.<\/p>\n\n<p class=\"has-medium-font-size\"><strong>9. CONDICIONES ADICIONALES.<\/strong><\/p>\n\n<p>En caso de que cualquier disposici\u00f3n de la Pol\u00edtica de Privacidad, incluyendo cualquier propuesta, cl\u00e1usula o parte de la misma, se considere contraria a la ley o inv\u00e1lida, esto no afectar\u00e1 a las dem\u00e1s disposiciones, que, no siendo contrarias a la ley, permanecer\u00e1n en pleno vigor y efecto, y cualquier disposici\u00f3n inv\u00e1lida o que no pueda ser aplicada, sin m\u00e1s acci\u00f3n por las Partes, se considerar\u00e1 modificada, corregida en la medida necesaria para garantizar su validez y aplicabilidad.<\/p>\n\n<p>El usuario tiene los derechos previstos por la Ley de 01.06.2010 N\u00ba 2297-V http:\/\/zakon3.rada.gov.ua<\/p>\n\n<p>Esta Pol\u00edtica de Privacidad se aplica al Usuario desde el momento en que, al utilizar el sitio web Decorcnc.com, ha aceptado los t\u00e9rminos de esta Pol\u00edtica de Privacidad al transferir sus Datos Personales y es v\u00e1lida mientras cualquier informaci\u00f3n sobre el Usuario, incluidos los datos personales, se almacene en el sitio web Decorcnc.com.<\/p>\n\n<p class=\"has-medium-font-size\"><strong>Galleta<\/strong><\/p>\n\n<p>Si dejas comentarios en nuestro sitio web, puedes elegir que tu nombre, direcci\u00f3n de correo electr\u00f3nico y sitio web se guarden en una cookie. Esto se hace por comodidad, para que no tengas que volver a rellenar los datos cuando comentes de nuevo. Estas cookies se almacenan durante un a\u00f1o.<\/p>\n\n<p>Si tienes una cuenta en el sitio y te conectas, estableceremos una cookie temporal para determinar si tu navegador admite cookies, la cookie no contiene ninguna informaci\u00f3n personal y se elimina cuando cierras el navegador.<\/p>\n\n<p>Cuando te conectas a tu cuenta, tambi\u00e9n establecemos varias cookies con tus datos de acceso y configuraci\u00f3n de pantalla. Las cookies de inicio de sesi\u00f3n se almacenan durante dos d\u00edas, mientras que las cookies de configuraci\u00f3n de pantalla se almacenan durante un a\u00f1o. Si seleccionas Recordarme, tus datos de acceso se almacenar\u00e1n durante dos semanas. Cuando salgas de tu cuenta, se borrar\u00e1n tus cookies de inicio de sesi\u00f3n.<\/p>\n\n<p>Al editar o publicar un art\u00edculo, se guardar\u00e1 una cookie adicional en el navegador, que no contiene datos personales y s\u00f3lo contiene el ID del registro que has editado, que caduca al cabo de 1 d\u00eda.<\/p>\n\n<h2 class=\"wp-block-heading\"><\/h2>\n","protected":false},"excerpt":{"rendered":"<p>1. Disposiciones generales 1.1. Esta Pol\u00edtica de Privacidad establece el procedimiento de obtenci\u00f3n, almacenamiento, procesamiento, uso y divulgaci\u00f3n de los<\/p>\n","protected":false},"author":1,"featured_media":0,"parent":0,"menu_order":0,"comment_status":"closed","ping_status":"closed","template":"","meta":{"footnotes":""},"class_list":["post-1680","page","type-page","status-publish","hentry"],"_links":{"self":[{"href":"https:\/\/decorcnc.com\/es\/wp-json\/wp\/v2\/pages\/1680","targetHints":{"allow":["GET"]}}],"collection":[{"href":"https:\/\/decorcnc.com\/es\/wp-json\/wp\/v2\/pages"}],"about":[{"href":"https:\/\/decorcnc.com\/es\/wp-json\/wp\/v2\/types\/page"}],"author":[{"embeddable":true,"href":"https:\/\/decorcnc.com\/es\/wp-json\/wp\/v2\/users\/1"}],"replies":[{"embeddable":true,"href":"https:\/\/decorcnc.com\/es\/wp-json\/wp\/v2\/comments?post=1680"}],"version-history":[{"count":0,"href":"https:\/\/decorcnc.com\/es\/wp-json\/wp\/v2\/pages\/1680\/revisions"}],"wp:attachment":[{"href":"https:\/\/decorcnc.com\/es\/wp-json\/wp\/v2\/media?parent=1680"}],"curies":[{"name":"wp","href":"https:\/\/api.w.org\/{rel}","templated":true}]}}