{"id":1692,"date":"2023-04-11T16:38:17","date_gmt":"2023-04-11T13:38:17","guid":{"rendered":"https:\/\/decorcnc.com\/informacion-de-entrega\/"},"modified":"2024-05-18T12:51:54","modified_gmt":"2024-05-18T09:51:54","slug":"informacion-de-entrega","status":"publish","type":"page","link":"https:\/\/decorcnc.com\/es\/informacion-de-entrega\/","title":{"rendered":"Informaci\u00f3n de entrega"},"content":{"rendered":"\n<h2 class=\"wp-block-heading\"><\/h2>\n\n<blockquote class=\"wp-block-quote has-text-align-center is-layout-flow wp-block-quote-is-layout-flow\">\n<h2 class=\"wp-block-heading\">Informaci\u00f3n de entrega<\/h2>\n<cite>Los gastos de env\u00edo corren a cargo del comprador.<br>La entrega en Ucrania se realiza mediante servicios de mensajer\u00eda<br>Seguro de los pedidos contra da\u00f1os.<br>Ten en cuenta que no nos hacemos responsables de los da\u00f1os sufridos por la mercanc\u00eda durante el transporte. Por nuestra parte, embalamos las mercanc\u00edas de forma que se minimicen los posibles da\u00f1os y aseguramos todas las mercanc\u00edas por el 100% del valor del pedido. Si los productos de tu pedido han resultado da\u00f1ados durante el transporte, presenta una reclamaci\u00f3n en la oficina de la empresa transportista. El servicio de mensajer\u00eda est\u00e1 obligado a reembolsarte el coste total de la mercanc\u00eda da\u00f1ada al precio especificado en la factura.<\/cite><\/blockquote>\n","protected":false},"excerpt":{"rendered":"<p>Informaci\u00f3n de entrega Los gastos de env\u00edo corren a cargo del comprador.La entrega en Ucrania se realiza mediante servicios de<\/p>\n","protected":false},"author":1,"featured_media":0,"parent":0,"menu_order":0,"comment_status":"closed","ping_status":"closed","template":"","meta":{"footnotes":""},"class_list":["post-1692","page","type-page","status-publish","hentry"],"_links":{"self":[{"href":"https:\/\/decorcnc.com\/es\/wp-json\/wp\/v2\/pages\/1692","targetHints":{"allow":["GET"]}}],"collection":[{"href":"https:\/\/decorcnc.com\/es\/wp-json\/wp\/v2\/pages"}],"about":[{"href":"https:\/\/decorcnc.com\/es\/wp-json\/wp\/v2\/types\/page"}],"author":[{"embeddable":true,"href":"https:\/\/decorcnc.com\/es\/wp-json\/wp\/v2\/users\/1"}],"replies":[{"embeddable":true,"href":"https:\/\/decorcnc.com\/es\/wp-json\/wp\/v2\/comments?post=1692"}],"version-history":[{"count":0,"href":"https:\/\/decorcnc.com\/es\/wp-json\/wp\/v2\/pages\/1692\/revisions"}],"wp:attachment":[{"href":"https:\/\/decorcnc.com\/es\/wp-json\/wp\/v2\/media?parent=1692"}],"curies":[{"name":"wp","href":"https:\/\/api.w.org\/{rel}","templated":true}]}}