{"id":1879,"date":"2023-04-13T13:17:14","date_gmt":"2023-04-13T10:17:14","guid":{"rendered":"https:\/\/decorcnc.com\/pago\/"},"modified":"2025-02-26T12:35:07","modified_gmt":"2025-02-26T10:35:07","slug":"pago","status":"publish","type":"page","link":"https:\/\/decorcnc.com\/es\/pago\/","title":{"rendered":"Pago"},"content":{"rendered":"\n<p class=\"has-medium-font-size\"><strong>Puedes pagar tu pedido de las siguientes formas.<\/strong><\/p>\n\n<ol class=\"wp-block-list\">\n<li>\u00ab<strong>Servicio seguro<\/strong> \u00bb de Nova Poshta. \u00abServicio Seguro\u00bb es una garant\u00eda simult\u00e1nea tanto para el comprador como para el vendedor.  <a href=\"https:\/\/novaposhta.ua\/safeservice\/#buyer\" rel=\"nofollow noopener\" target=\"_blank\">Leer m\u00e1s<\/a><\/li>\n\n\n\n<li><strong>Transferencia<\/strong> bancaria &#8211; Transferencia bancaria directa al IBAN<\/li>\n\n\n\n<li><strong>WayForPay<\/strong> &#8211; Pago online con tarjeta de cr\u00e9dito o d\u00e9bito. Pago con tarjetas bancarias, Privat24, Terminal, Apple Pay y Google Pay a trav\u00e9s de wayforpay<\/li>\n<\/ol>\n","protected":false},"excerpt":{"rendered":"<p>Puedes pagar tu pedido de las siguientes formas.<\/p>\n","protected":false},"author":1,"featured_media":0,"parent":0,"menu_order":0,"comment_status":"closed","ping_status":"closed","template":"","meta":{"footnotes":""},"class_list":["post-1879","page","type-page","status-publish","hentry"],"_links":{"self":[{"href":"https:\/\/decorcnc.com\/es\/wp-json\/wp\/v2\/pages\/1879","targetHints":{"allow":["GET"]}}],"collection":[{"href":"https:\/\/decorcnc.com\/es\/wp-json\/wp\/v2\/pages"}],"about":[{"href":"https:\/\/decorcnc.com\/es\/wp-json\/wp\/v2\/types\/page"}],"author":[{"embeddable":true,"href":"https:\/\/decorcnc.com\/es\/wp-json\/wp\/v2\/users\/1"}],"replies":[{"embeddable":true,"href":"https:\/\/decorcnc.com\/es\/wp-json\/wp\/v2\/comments?post=1879"}],"version-history":[{"count":0,"href":"https:\/\/decorcnc.com\/es\/wp-json\/wp\/v2\/pages\/1879\/revisions"}],"wp:attachment":[{"href":"https:\/\/decorcnc.com\/es\/wp-json\/wp\/v2\/media?parent=1879"}],"curies":[{"name":"wp","href":"https:\/\/api.w.org\/{rel}","templated":true}]}}