{"id":35844,"date":"2025-02-26T12:13:43","date_gmt":"2025-02-26T10:13:43","guid":{"rendered":"https:\/\/decorcnc.com\/proximamente\/"},"modified":"2025-02-26T12:34:08","modified_gmt":"2025-02-26T10:34:08","slug":"proximamente","status":"publish","type":"page","link":"https:\/\/decorcnc.com\/es\/proximamente\/","title":{"rendered":"Pr\u00f3ximamente"},"content":{"rendered":"\n<div id=\"wd-e45f71ca\" class=\"wp-block-wd-section color-scheme-light wd-bg-parent\"><div class=\"wd-bg-overlay\"><\/div>\n<div id=\"wd-8c3116e1\" class=\"wp-block-wd-row wd-custom-width wd-bg-parent\"><div class=\"wd-bg-overlay\"><\/div>\n<div id=\"wd-3dbbdd5b\" class=\"wp-block-wd-column wd-align\">\n<div id=\"wd-c68294c8\" class=\"wp-block-wd-image wd-block-image wd-custom-width\"><img decoding=\"async\" width=\"768\" height=\"320\" class=\" wd-lazy-fade wp-image-1191\" src=\"https:\/\/decorcnc.com\/wp-content\/themes\/woodmart\/images\/lazy.svg\" data-src=\"https:\/\/decorcnc.com\/wp-content\/uploads\/Icons\/logo-decorcnc.png\" alt=\"\" title=\"\" srcset=\"\" data-srcset=\"https:\/\/decorcnc.com\/wp-content\/uploads\/Icons\/logo-decorcnc.png 768w, https:\/\/decorcnc.com\/wp-content\/uploads\/Icons\/logo-decorcnc-430x179.png 430w, https:\/\/decorcnc.com\/wp-content\/uploads\/Icons\/logo-decorcnc-150x63.png 150w, https:\/\/decorcnc.com\/wp-content\/uploads\/Icons\/logo-decorcnc-700x292.png 700w, https:\/\/decorcnc.com\/wp-content\/uploads\/Icons\/logo-decorcnc-300x125.png 300w, https:\/\/decorcnc.com\/wp-content\/uploads\/Icons\/logo-decorcnc-450x188.png 450w\" sizes=\"(max-width: 768px) 100vw, 768px\" \/><\/div>\n\n\n\n<h2 id=\"wd-a3759c09\" class=\"wp-block-wd-title title\">PR\u00d3XIMAMENTE<\/h2>\n\n\n\n<p id=\"wd-af78b858\" class=\"wp-block-wd-paragraph wd-custom-width\">El sitio est\u00e1 siendo sometido a trabajos t\u00e9cnicos. Estamos intentando reanudar el trabajo lo antes posible. Gracias por tu comprensi\u00f3n.  <\/p>\n\n\n\n<div id=\"wd-53d62f55\" class=\"wp-block-wd-countdown-timer wd-countdown-timer\"><div class=\"wd-timer wd-size-large\" data-end-date=\"2025-03-01T15:13:00\" data-hide-on-finish=\"yes\"><span class=\"wd-timer-days\"><span class=\"wd-timer-value\">0<\/span><span class=\"wd-timer-text\">d\u00edas<\/span><\/span><span class=\"wd-timer-hours\"><span class=\"wd-timer-value\">00<\/span><span class=\"wd-timer-text\">hr<\/span><\/span><span class=\"wd-timer-min\"><span class=\"wd-timer-value\">00<\/span><span class=\"wd-timer-text\">min<\/span><\/span><span class=\"wd-timer-sec\"><span class=\"wd-timer-value\">00<\/span><span class=\"wd-timer-text\">sc<\/span><\/span><\/div><\/div>\n\n\n\t\t\t<div\n\t\t\t\t\t\tid=\"wd-922a81c4\"\n\t\t\t\t\t\tclass=\" wd-social-icons wd-style-bordered wd-size-default social-share wd-shape-circle  wd-922a81c4\">\n\t\t\t\t\n\t\t\t\t\n\t\t\t\t\t\t\t\t\t<a rel=\"noopener noreferrer nofollow\" href=\"https:\/\/www.facebook.com\/sharer\/sharer.php?u=https:\/\/decorcnc.com\/es\/proximamente\/\" target=\"_blank\" class=\" wd-social-icon social-facebook\" aria-label=\"Enlace social de Facebook\">\n\t\t\t\t\t\t<span class=\"wd-icon\"><\/span>\n\t\t\t\t\t\t\t\t\t\t\t<\/a>\n\t\t\t\t\n\t\t\t\t\n\t\t\t\t\n\t\t\t\t\n\t\t\t\t\n\t\t\t\t\n\t\t\t\t\n\t\t\t\t\t\t\t\t\t<a rel=\"noopener noreferrer nofollow\" href=\"https:\/\/pinterest.com\/pin\/create\/button\/?url=https:\/\/decorcnc.com\/es\/proximamente\/&#038;media=https:\/\/decorcnc.com\/wp-includes\/images\/media\/default.svg&#038;description=Pr%C3%B3ximamente\" target=\"_blank\" class=\" wd-social-icon social-pinterest\" aria-label=\"Enlace social de Pinterest\">\n\t\t\t\t\t\t<span class=\"wd-icon\"><\/span>\n\t\t\t\t\t\t\t\t\t\t\t<\/a>\n\t\t\t\t\n\t\t\t\t\n\t\t\t\t\n\t\t\t\t\n\t\t\t\t\n\t\t\t\t\n\t\t\t\t\n\t\t\t\t\n\t\t\t\t\n\t\t\t\t\n\t\t\t\t\n\t\t\t\t\t\t\t\t\t<a rel=\"noopener noreferrer nofollow\" href=\"https:\/\/api.whatsapp.com\/send?text=https%3A%2F%2Fdecorcnc.com%2Fes%2Fproximamente%2F\" target=\"_blank\" class=\" wd-hide-md wd-social-icon social-whatsapp\" aria-label=\"Enlace social de WhatsApp\">\n\t\t\t\t\t\t<span class=\"wd-icon\"><\/span>\n\t\t\t\t\t\t\t\t\t\t\t<\/a>\n\n\t\t\t\t\t<a rel=\"noopener noreferrer nofollow\" href=\"whatsapp:\/\/send?text=http:\/\/https%3A%2F%2Fdecorcnc.com%2Fes%2Fproximamente%2F\" target=\"_blank\" class=\" wd-hide-lg wd-social-icon social-whatsapp\" aria-label=\"Enlace social de WhatsApp\">\n\t\t\t\t\t\t<span class=\"wd-icon\"><\/span>\n\t\t\t\t\t\t\t\t\t\t\t<\/a>\n\t\t\t\t\n\t\t\t\t\n\t\t\t\t\n\t\t\t\t\n\t\t\t\t\n\t\t\t\t\n\t\t\t\t\t\t\t\t\t<a rel=\"noopener noreferrer nofollow\" href=\"https:\/\/telegram.me\/share\/url?url=https:\/\/decorcnc.com\/es\/proximamente\/\" target=\"_blank\" class=\" wd-social-icon social-tg\" aria-label=\"Enlace social de Telegram\">\n\t\t\t\t\t\t<span class=\"wd-icon\"><\/span>\n\t\t\t\t\t\t\t\t\t\t\t<\/a>\n\t\t\t\t\n\t\t\t\t\t\t\t\t\t<a rel=\"noopener noreferrer nofollow\" href=\"viber:\/\/forward?text=http:\/\/https%3A%2F%2Fdecorcnc.com%2Fes%2Fproximamente%2F\" target=\"_blank\" class=\" wd-social-icon social-viber\" aria-label=\"Enlace social de Viber\">\n\t\t\t\t\t\t<span class=\"wd-icon\"><\/span>\n\t\t\t\t\t\t\t\t\t\t\t<\/a>\n\t\t\t\t\n\t\t\t<\/div>\n\n\t\t<\/div>\n\n\n\n<div id=\"wd-d35d4957\" class=\"wp-block-wd-column wd-hide-md-sm wd-hide-sm\"><\/div>\n<\/div>\n<\/div>\n","protected":false},"excerpt":{"rendered":"","protected":false},"author":1,"featured_media":0,"parent":0,"menu_order":0,"comment_status":"closed","ping_status":"closed","template":"maintenance.php","meta":{"footnotes":""},"class_list":["post-35844","page","type-page","status-publish","hentry"],"_links":{"self":[{"href":"https:\/\/decorcnc.com\/es\/wp-json\/wp\/v2\/pages\/35844","targetHints":{"allow":["GET"]}}],"collection":[{"href":"https:\/\/decorcnc.com\/es\/wp-json\/wp\/v2\/pages"}],"about":[{"href":"https:\/\/decorcnc.com\/es\/wp-json\/wp\/v2\/types\/page"}],"author":[{"embeddable":true,"href":"https:\/\/decorcnc.com\/es\/wp-json\/wp\/v2\/users\/1"}],"replies":[{"embeddable":true,"href":"https:\/\/decorcnc.com\/es\/wp-json\/wp\/v2\/comments?post=35844"}],"version-history":[{"count":0,"href":"https:\/\/decorcnc.com\/es\/wp-json\/wp\/v2\/pages\/35844\/revisions"}],"wp:attachment":[{"href":"https:\/\/decorcnc.com\/es\/wp-json\/wp\/v2\/media?parent=35844"}],"curies":[{"name":"wp","href":"https:\/\/api.w.org\/{rel}","templated":true}]}}