{"id":1732,"date":"2023-04-11T17:12:17","date_gmt":"2023-04-11T14:12:17","guid":{"rendered":"https:\/\/decorcnc.com\/modelado-3d-cad\/"},"modified":"2025-03-18T18:37:22","modified_gmt":"2025-03-18T16:37:22","slug":"modelado-3d-cad","status":"publish","type":"product","link":"https:\/\/decorcnc.com\/es\/producto\/modelado-3d-cad\/","title":{"rendered":"Modelado 3D (CAD)"},"content":{"rendered":"<h2>Nuestros servicios de modelado 3D (CAD)<\/h2>\n<h3>Introducci\u00f3n al servicio de modelado 3D<\/h3>\n<p>El dise\u00f1o 3D asistido por ordenador (CAD) es un servicio moderno y extremadamente importante que encuentra aplicaci\u00f3n en muchas industrias, desde la ingenier\u00eda a la arquitectura y el dise\u00f1o. Esta tecnolog\u00eda permite transformar los dibujos tradicionales en 2D en modelos detallados en 3D, lo que permite una representaci\u00f3n m\u00e1s exacta del producto final. Este enfoque permite a los dise\u00f1adores e ingenieros ver sus proyectos desde todos los \u00e1ngulos, lo que aumenta significativamente la precisi\u00f3n y eficacia de su trabajo.  <\/p>\n<p>Los principios b\u00e1sicos del modelado 3D incluyen la creaci\u00f3n de modelos digitales de objetos mediante software especializado. El proceso suele comenzar con formas geom\u00e9tricas b\u00e1sicas que se van complicando y detallando gradualmente para crear una representaci\u00f3n exacta del objeto. Estos modelos pueden contener informaci\u00f3n sobre la textura, los materiales e incluso las propiedades f\u00edsicas de un objeto, lo que los hace extremadamente \u00fatiles para su posterior producci\u00f3n y an\u00e1lisis.  <\/p>\n<p>La tecnolog\u00eda de modelado 3D est\u00e1 cambiando nuestra forma de abordar el dise\u00f1o y la fabricaci\u00f3n, gracias a su capacidad para identificar posibles problemas en las primeras fases del desarrollo. Esto evita errores y reduce el coste de corregirlos durante el proceso de producci\u00f3n. Adem\u00e1s, los modelos 3D facilitan la comunicaci\u00f3n entre los distintos departamentos de la empresa, ya que proporcionan a todos los participantes en el proyecto la misma comprensi\u00f3n visual del producto final.  <\/p>\n<p>En general, el CAD 3D es una herramienta importante que mejora significativamente la calidad y la eficacia del dise\u00f1o y la producci\u00f3n. Esta tecnolog\u00eda no s\u00f3lo simplifica el proceso de creaci\u00f3n de estructuras complejas, sino que tambi\u00e9n abre nuevas oportunidades de innovaci\u00f3n y mejora de productos en diversas industrias. <\/p>\n<h3>Tipos de dibujos para el modelado 3D: electr\u00f3nicos, en papel y escaneados<\/h3>\n<p>El modelado 3D es una potente herramienta que te permite transformar dibujos bidimensionales en modelos tridimensionales. Para ello, puedes utilizar distintos tipos de dibujos: electr\u00f3nicos, en papel y escaneados. Cada uno de estos tipos tiene sus propias caracter\u00edsticas, ventajas y retos que afectan al proceso de creaci\u00f3n de un modelo 3D.  <\/p>\n<p>Los dibujos electr\u00f3nicos creados con software CAD son la opci\u00f3n m\u00e1s c\u00f3moda y eficaz para modelar en 3D. Permiten trabajar con datos precisos y detallados, lo que simplifica enormemente el proceso de conversi\u00f3n a un modelo tridimensional. Adem\u00e1s, los dibujos electr\u00f3nicos facilitan la realizaci\u00f3n de cambios y ajustes, un aspecto importante cuando se dise\u00f1an objetos complejos. La principal ventaja es la gran precisi\u00f3n y rapidez de trabajo con este tipo de dibujos.   <\/p>\n<p>Los dibujos en papel son un m\u00e9todo tradicional de representar objetos. Pueden ser \u00fatiles en los casos en que las versiones electr\u00f3nicas no est\u00e9n disponibles o no sean accesibles. Sin embargo, trabajar con dibujos en papel puede ser m\u00e1s dif\u00edcil y requerir m\u00e1s tiempo y esfuerzo. Para convertir los dibujos en papel en un modelo 3D, primero hay que digitalizarlos, lo que puede llevar mucho tiempo, sobre todo si hay muchos detalles. Al mismo tiempo, los dibujos en papel pueden proporcionar informaci\u00f3n \u00fanica que no siempre est\u00e1 presente en las versiones electr\u00f3nicas.    <\/p>\n<p>Los dibujos escaneados son una opci\u00f3n intermedia entre los dibujos electr\u00f3nicos y los de papel. Se crean escaneando dibujos en papel y convirti\u00e9ndolos a formato digital. Esto te permite guardar todos los detalles del dibujo original y facilita el trabajo con ellos en el software de CAD. Sin embargo, la calidad de los dibujos escaneados puede variar en funci\u00f3n de la calidad del esc\u00e1ner y del estado del original, lo que puede afectar a la precisi\u00f3n del modelo 3D. No obstante, los dibujos escaneados pueden ser \u00fatiles en los casos en que no se disponga de versiones electr\u00f3nicas y sea necesario digitalizar los dibujos en papel.    <\/p>\n<p>Por tanto, la elecci\u00f3n del tipo de dibujo para el modelado 3D depende de las necesidades y condiciones espec\u00edficas del proyecto. Los dibujos electr\u00f3nicos proporcionan la mayor precisi\u00f3n y flexibilidad, los dibujos en papel pueden contener informaci\u00f3n \u00fanica, y los dibujos escaneados son un compromiso que combina las ventajas de ambos enfoques. <\/p>\n<h3>Crea modelos 3D de piezas y conjuntos<\/h3>\n<p>El objetivo principal del modelado 3D es crear modelos tridimensionales precisos de piezas y conjuntos. Este proceso comienza con dibujos bidimensionales que se transforman en objetos tridimensionales mediante software CAD especializado. La precisi\u00f3n de estos modelos es fundamental, ya que se utilizan para la fabricaci\u00f3n posterior de los productos y su verificaci\u00f3n del cumplimiento de los requisitos t\u00e9cnicos.  <\/p>\n<p>El proceso de creaci\u00f3n de modelos 3D implica varias etapas. En primer lugar, los ingenieros de dise\u00f1o analizan los planos bidimensionales y determinan los principales par\u00e1metros de la futura instalaci\u00f3n. A continuaci\u00f3n, se crea la forma geom\u00e9trica b\u00e1sica del modelo utilizando software de CAD. El siguiente paso es a\u00f1adir piezas y conjuntos que garanticen la precisi\u00f3n y funcionalidad del modelo. El resultado final es un modelo tridimensional que puede utilizarse para posteriores an\u00e1lisis y procesos de producci\u00f3n.    <\/p>\n<p>La precisi\u00f3n de los modelos 3D es un aspecto importante. Esto se consigue mediante el uso de modernos programas de CAD que nos permiten reproducir todos los elementos de un objeto con gran detalle. Esto es especialmente importante en industrias como la ingenier\u00eda mec\u00e1nica, donde cada pieza debe cumplir normas t\u00e9cnicas estrictas. Los modelos 3D tambi\u00e9n ayudan a los ingenieros y dise\u00f1adores a identificar posibles errores en las primeras fases del desarrollo, lo que ahorra tiempo y recursos.   <\/p>\n<p>El uso del modelado 3D ha encontrado su lugar en diversas industrias, como la ingenier\u00eda mec\u00e1nica, la construcci\u00f3n, la medicina y el dise\u00f1o de dispositivos electr\u00f3nicos. En ingenier\u00eda mec\u00e1nica, los modelos 3D se utilizan para crear prototipos precisos y probar sistemas mec\u00e1nicos. En el sector de la construcci\u00f3n, ayudan a arquitectos e ingenieros a visualizar los proyectos y a comprobar que cumplen las normas de construcci\u00f3n. En medicina, el modelado 3D permite crear copias exactas de estructuras anat\u00f3micas para planificar cirug\u00edas y fabricar pr\u00f3tesis.   <\/p>\n<h3>Visualizaci\u00f3n y renderizado de modelos 3D<\/h3>\n<p>El renderizado y la visualizaci\u00f3n son aspectos clave del proceso de modelado 3D que permiten obtener representaciones realistas de los modelos 3D. Este proceso es crucial para presentar ideas, conceptos y proyectos de la forma m\u00e1s comprensible y visual posible. Gracias a la visualizaci\u00f3n, los dise\u00f1adores, arquitectos e ingenieros pueden visualizar y evaluar el aspecto final de su producto antes de fabricarlo.  <\/p>\n<p>El proceso de creaci\u00f3n de visualizaciones implica varias etapas. El primer paso es crear un modelo 3D, que luego se texturiza e ilumina. La texturizaci\u00f3n te permite a\u00f1adir diferentes materiales y superficies al modelo, haci\u00e9ndolo m\u00e1s realista. La iluminaci\u00f3n, a su vez, ayuda a crear la atm\u00f3sfera adecuada y a resaltar los detalles del modelo. En la fase final, el modelo pasa por un proceso de renderizado que convierte los datos 3D en im\u00e1genes 2D de alta resoluci\u00f3n.    <\/p>\n<p>La renderizaci\u00f3n puede realizarse utilizando diversos m\u00e9todos y herramientas. Las herramientas de renderizado m\u00e1s populares son V-Ray, Arnold y Lumion. Estas herramientas te permiten conseguir un alto nivel de realismo y detalle en tus im\u00e1genes. Las tecnolog\u00edas modernas de renderizado tambi\u00e9n incluyen el uso de inteligencia artificial y aprendizaje autom\u00e1tico, que pueden acelerar significativamente el proceso y mejorar la calidad del resultado final.   <\/p>\n<p>En general, la visualizaci\u00f3n y el renderizado son componentes integrales del modelado 3D que aumentan considerablemente la eficacia de la presentaci\u00f3n de ideas y proyectos. Permiten no s\u00f3lo ver el resultado final, sino tambi\u00e9n hacer los ajustes necesarios en las primeras fases del desarrollo, lo que ahorra tiempo y recursos. <\/p>\n<h3>Aplicaci\u00f3n de la modelizaci\u00f3n 3D en diversos campos de actividad<\/h3>\n<p>El modelado 3D, o CAD (dise\u00f1o asistido por ordenador), se ha convertido en una herramienta indispensable en muchos \u00e1mbitos de actividad. Su capacidad para convertir dibujos 2D en modelos 3D ayuda a aumentar la precisi\u00f3n, la eficacia y la innovaci\u00f3n en una amplia gama de sectores. <\/p>\n<h3>Ingenier\u00eda mec\u00e1nica<\/h3>\n<p>En ingenier\u00eda mec\u00e1nica, el modelado 3D permite a los ingenieros crear prototipos digitales detallados de mecanismos y sistemas. Esto reduce significativamente el tiempo de desarrollo, prueba y modificaci\u00f3n. Adem\u00e1s, el CAD 3D puede utilizarse para analizar la resistencia, la din\u00e1mica y los procesos t\u00e9rmicos, lo que garantiza la alta calidad del producto final.  <\/p>\n<h3>Construcci\u00f3n<\/h3>\n<p>En la construcci\u00f3n, el modelado 3D se utiliza para crear modelos virtuales de edificios y estructuras. Los arquitectos y dise\u00f1adores pueden visualizar sus ideas, probar distintas soluciones de dise\u00f1o e identificar posibles problemas en la fase de dise\u00f1o. Esto ayuda a optimizar los costes y a mejorar la seguridad de las obras.  <\/p>\n<h3>Equipo<\/h3>\n<p>En el \u00e1mbito del utillaje, el modelado 3D ayuda a crear moldes, matrices y otras herramientas especializadas de alta precisi\u00f3n. Gracias al CAD 3D, se pueden desarrollar geometr\u00edas complejas de forma r\u00e1pida y sencilla, lo que mejora significativamente la calidad y precisi\u00f3n de las piezas fabricadas. <\/p>\n<h3>Maestro del modelo<\/h3>\n<p>Los modelos maestros, o moldes maestros, se utilizan para hacer r\u00e9plicas o productos en serie. El uso del modelado 3D nos permite crear modelos detallados y precisos, lo que reduce los residuos y acorta el tiempo de producci\u00f3n. Esto es especialmente importante para la joyer\u00eda, la odontolog\u00eda y otras industrias en las que la precisi\u00f3n es clave.  <\/p>\n<h3>Dise\u00f1o de muebles<\/h3>\n<p>En la industria del dise\u00f1o de muebles, el modelado 3D permite a los dise\u00f1adores crear prototipos virtuales de muebles, teniendo en cuenta todos los detalles del dise\u00f1o y los materiales. Esto simplifica el proceso de aprobaci\u00f3n con los clientes y reduce el riesgo de errores de fabricaci\u00f3n. Adem\u00e1s, el CAD en 3D facilita la introducci\u00f3n de cambios y la creaci\u00f3n de diversas opciones de dise\u00f1o.  <\/p>\n<p>As\u00ed, el modelado 3D aumenta significativamente la eficacia, la precisi\u00f3n y la innovaci\u00f3n en muchas \u00e1reas de actividad, haciendo que los procesos de desarrollo y producci\u00f3n sean m\u00e1s transparentes y manejables.<\/p>\n<h3>Convierte fotos, dibujos y bocetos en modelos 3D<\/h3>\n<p>A veces los clientes s\u00f3lo tienen fotos, dibujos o bocetos de lo que quieren plasmar en un modelo tridimensional. Este proceso incluye varias etapas, cada una de las cuales es clave para crear un modelo 3D preciso y realista. El primer paso es escanear o digitalizar las im\u00e1genes existentes. Utilizando tecnolog\u00edas avanzadas de escaneado, nuestros dise\u00f1adores reciben copias digitales de alta calidad de las im\u00e1genes originales. Este proceso garantiza que se conserven todos los detalles y proporciones, lo que es fundamental para el modelado posterior.    <\/p>\n<p>Tras recibir las copias digitales, comienza la fase de tratamiento de la imagen. Mediante programas inform\u00e1ticos especializados, los dise\u00f1adores limpian la imagen de ruidos y artefactos, ajustan los contrastes y los colores, y eliminan los elementos innecesarios. Esto te permite obtener una imagen clara y de alta calidad que se convertir\u00e1 en la base para crear un modelo 3D.  <\/p>\n<p>La siguiente fase es el modelado propiamente dicho. Mediante el software de modelado 3D (CAD), los dise\u00f1adores transforman las im\u00e1genes procesadas en objetos tridimensionales. Este proceso incluye crear geometr\u00eda, a\u00f1adir texturas y materiales, y configurar la iluminaci\u00f3n y las c\u00e1maras para que el modelo parezca lo m\u00e1s realista posible. Cada elemento se elabora cuidadosamente para lograr una gran precisi\u00f3n e igualar la imagen original.   <\/p>\n<p>Gracias a las herramientas profesionales y a la experiencia de nuestros dise\u00f1adores, convertir fotos, dibujos y bocetos en modelos 3D se convierte en un proceso r\u00e1pido y eficaz. Esto permite a los clientes obtener modelos 3D precisos y realistas que pueden utilizarse en diversos sectores, desde la arquitectura al dise\u00f1o industrial. <\/p>\n<h3>Ventajas de trabajar con dise\u00f1adores profesionales de modelado 3D<\/h3>\n<p>Trabajar con dise\u00f1adores profesionales de modelado 3D ofrece numerosas ventajas, siendo la alta calidad y la precisi\u00f3n de los modelos las primeras de la lista. El uso de tecnolog\u00eda y software modernos nos permite conseguir un detalle extraordinario, que es fundamental en muchos sectores, como la arquitectura, la ingenier\u00eda y el dise\u00f1o industrial. <\/p>\n<p>Una de las principales ventajas de trabajar con nuestro equipo es el breve plazo de entrega de los proyectos. Gracias a muchos a\u00f1os de experiencia y a especialistas altamente cualificados, garantizamos una r\u00e1pida ejecuci\u00f3n de los pedidos sin p\u00e9rdida de calidad. Esto es especialmente importante para los clientes que trabajan con plazos ajustados y necesitan resolver los problemas con rapidez.  <\/p>\n<p>Un alto nivel de detalle es otra ventaja significativa que proporcionan nuestros dise\u00f1adores profesionales de modelado 3D. La reproducci\u00f3n exacta de los detalles m\u00e1s peque\u00f1os te permite crear modelos muy parecidos a los objetos reales. Esto contribuye a una mejor comprensi\u00f3n del producto final en la fase de desarrollo y minimiza el riesgo de errores en el futuro.  <\/p>\n<p>Un enfoque individual de cada cliente es tambi\u00e9n un aspecto importante de nuestro trabajo. Tenemos en cuenta todos los deseos y requisitos de nuestros clientes, lo que nos permite crear soluciones \u00fanicas adaptadas a sus necesidades espec\u00edficas. Este enfoque garantiza un alto grado de satisfacci\u00f3n del cliente y fomenta la cooperaci\u00f3n a largo plazo.  <\/p>\n<p>As\u00ed, la cooperaci\u00f3n con dise\u00f1adores profesionales de modelado 3D abre amplias oportunidades para la realizaci\u00f3n de los proyectos m\u00e1s complejos, garantizando alta calidad, precisi\u00f3n y un enfoque individual de cada tarea.<\/p>\n<h3>Conclusiones: El futuro del modelado 3D y su impacto en diversas industrias<\/h3>\n<p>El dise\u00f1o 3D asistido por ordenador (CAD) ya desempe\u00f1a un papel importante en muchas industrias, desde la arquitectura y la ingenier\u00eda hasta la medicina y el entretenimiento. Esta tecnolog\u00eda te permite crear modelos tridimensionales precisos, lo que simplifica enormemente los procesos de dise\u00f1o, prueba y producci\u00f3n. Con el desarrollo de las tecnolog\u00edas de realidad virtual y aumentada, el modelado 3D abre nuevas oportunidades de visualizaci\u00f3n e interacci\u00f3n con los proyectos.  <\/p>\n<p>Una de las principales tendencias en el modelado 3D es la integraci\u00f3n con la inteligencia artificial y las tecnolog\u00edas de aprendizaje autom\u00e1tico. Esto te permite automatizar muchos procesos rutinarios y aumentar la eficacia del trabajo. Adem\u00e1s, gracias a la impresi\u00f3n 3D, los dise\u00f1adores pueden crear prototipos f\u00edsicos de sus modelos, lo que reduce considerablemente el tiempo que transcurre desde la idea hasta el producto final.  <\/p>\n<p>Las perspectivas del modelado 3D parecen muy prometedoras, especialmente en el contexto del desarrollo de la Industria 4.0, donde las tecnolog\u00edas digitales desempe\u00f1an un papel clave. En el futuro, podemos esperar ver una integraci\u00f3n a\u00fan mayor del modelado 3D con otras herramientas digitales, lo que permitir\u00e1 crear modelos m\u00e1s complejos y realistas. Esto, a su vez, abrir\u00e1 nuevos horizontes para la innovaci\u00f3n en diversas industrias.  <\/p>\n<p>Como tal, el modelado 3D sigue cambiando la forma en que trabajamos, dise\u00f1amos e interactuamos con el mundo que nos rodea. Su impacto en diversas industrias es innegable, y se puede afirmar que esta tecnolog\u00eda ser\u00e1 a\u00fan m\u00e1s importante e indispensable en el futuro. <\/p>\n","protected":false},"excerpt":{"rendered":"<h2><img decoding=\"async\" class=\" wd-lazy-fade alignleft wp-image-633 size-thumbnail\" title=\"Modelado 3D (CAD)\" src=\"https:\/\/decorcnc.com\/wp-content\/themes\/woodmart\/images\/lazy.svg\" data-src=\"https:\/\/decorcnc.com\/wp-content\/uploads\/Services 3D Modeling\/decorcnc_icon_3d_modeling-400h400-150x150.png\" alt=\"Convertir dibujos 2D en modelos 3D: Nuestros servicios de modelado 3D (CAD)\" width=\"150\" height=\"150\" srcset=\"\" data-srcset=\"https:\/\/decorcnc.com\/wp-content\/uploads\/Services%203D%20Modeling\/decorcnc_icon_3d_modeling-400h400-150x150.png 150w, https:\/\/decorcnc.com\/wp-content\/uploads\/Services%203D%20Modeling\/decorcnc_icon_3d_modeling-400h400-300x300.png 300w, https:\/\/decorcnc.com\/wp-content\/uploads\/Services%203D%20Modeling\/decorcnc_icon_3d_modeling-400h400-31x31.png 31w, https:\/\/decorcnc.com\/wp-content\/uploads\/Services%203D%20Modeling\/decorcnc_icon_3d_modeling-400h400-71x71.png 71w, https:\/\/decorcnc.com\/wp-content\/uploads\/Services%203D%20Modeling\/decorcnc_icon_3d_modeling-400h400-120x120.png 120w, https:\/\/decorcnc.com\/wp-content\/uploads\/Services%203D%20Modeling\/decorcnc_icon_3d_modeling-400h400.png 400w\" sizes=\"(max-width: 150px) 100vw, 150px\" \/>Convertir dibujos 2D en modelos 3D: Nuestros servicios de modelado 3D (CAD)<\/h2>\n<p>Modelado 3D (CAD). Sube una imagen rasterizada o vectorial en formatos png, jpg, jpeg, gif, bmp, dxf, svg, eps, pdf. Especifica la altura del futuro modelo 3D, desbloquea el bloqueo y especifica el tama\u00f1o del modelo. Env\u00eda una solicitud y obt\u00e9n un presupuesto.<\/p>\n<p>Servicio de modelado 3D (CAD). Convirtamos un dibujo 2D en un modelo 3D. Trabajamos con dibujos de tipo electr\u00f3nico, as\u00ed como con versiones en papel y escaneadas. Detalles, ensamblajes, planos, visualizaci\u00f3n de cualquier pieza y ensamblaje. Estamos preparados para realizar dibujos para diversos campos de actividad, como ingenier\u00eda mec\u00e1nica, construcci\u00f3n, utillaje, maquetas, dise\u00f1o de muebles, etc. \u00bfTienes fotos de decoraci\u00f3n o muebles, as\u00ed como dibujos o bocetos que quieras convertir en un modelo tridimensional? Nuestros dise\u00f1adores convertir\u00e1n una imagen 2D o un boceto en un modelo 3D en poco tiempo.<\/p>\n<h3>\u00bfQu\u00e9 es el modelado 3D?<\/h3>\n<p>El modelado 3D es el proceso de creaci\u00f3n de objetos tridimensionales a partir de dibujos 2D. Es un servicio importante en muchas \u00e1reas, como la ingenier\u00eda mec\u00e1nica, la construcci\u00f3n y el dise\u00f1o de muebles. Gracias a la tecnolog\u00eda moderna, nuestros dise\u00f1adores pueden convertir f\u00e1cilmente tus bocetos o fotos en visualizaciones que garantizan precisi\u00f3n y atractivo visual.  <\/p>\n<h3>\u00bfC\u00f3mo trabajamos?<\/h3>\n<p>Aceptamos pedidos basados en versiones electr\u00f3nicas, en papel o escaneadas de planos. En primer lugar, nuestros especialistas analizan los datos iniciales y, a continuaci\u00f3n, crean un modelo 3D con todos los detalles y unidades de montaje necesarios. Este es un paso m\u00e1s que te permite visualizar todos los matices de tu proyecto antes de su realizaci\u00f3n.  <\/p>\n<h3>Nuestras soluciones para distintos sectores<\/h3>\n<p>Estamos preparados para producir dibujos para una amplia gama de sectores, como la ingenier\u00eda mec\u00e1nica, la construcci\u00f3n, el utillaje y el dise\u00f1o de muebles. Tu idea puede cobrar vida con nuestros modelos 3D. Si tienes fotos de tu decoraci\u00f3n o dibujos, nuestros dise\u00f1adores te ayudar\u00e1n a convertirlos en 3D en poco tiempo, d\u00e1ndote la oportunidad de evaluar el resultado final antes de que comience la producci\u00f3n.  <\/p>\n","protected":false},"featured_media":1733,"comment_status":"open","ping_status":"closed","template":"","meta":[],"product_brand":[],"product_cat":[648,654],"product_tag":[],"class_list":{"0":"post-1732","1":"product","2":"type-product","3":"status-publish","4":"has-post-thumbnail","6":"product_cat-modelado-3d","7":"product_cat-nuestros-servicios","8":"pa_p3d_coating-all-es","9":"pa_p3d_cutting_instructions-all-es","10":"pa_p3d_filename-all-ru","11":"pa_p3d_infill-all","12":"pa_p3d_material-all-es","13":"pa_p3d_model-all","14":"pa_p3d_original_url-all-en","15":"pa_p3d_postprocessing-all-es","16":"pa_p3d_printer-1-3d-modelado-vectorial","17":"pa_p3d_printer-12-3d-modelado-raster","18":"pa_p3d_scale-all-es","19":"pa_p3d_unit-all-es","20":"pa_typ-vyrobu-poslugy-modelado-3d","21":"tm-no-options","23":"first","24":"instock","25":"shipping-taxable","26":"purchasable","27":"product-type-variable"},"_links":{"self":[{"href":"https:\/\/decorcnc.com\/es\/wp-json\/wp\/v2\/product\/1732","targetHints":{"allow":["GET"]}}],"collection":[{"href":"https:\/\/decorcnc.com\/es\/wp-json\/wp\/v2\/product"}],"about":[{"href":"https:\/\/decorcnc.com\/es\/wp-json\/wp\/v2\/types\/product"}],"replies":[{"embeddable":true,"href":"https:\/\/decorcnc.com\/es\/wp-json\/wp\/v2\/comments?post=1732"}],"wp:featuredmedia":[{"embeddable":true,"href":"https:\/\/decorcnc.com\/es\/wp-json\/wp\/v2\/media\/1733"}],"wp:attachment":[{"href":"https:\/\/decorcnc.com\/es\/wp-json\/wp\/v2\/media?parent=1732"}],"wp:term":[{"taxonomy":"product_brand","embeddable":true,"href":"https:\/\/decorcnc.com\/es\/wp-json\/wp\/v2\/product_brand?post=1732"},{"taxonomy":"product_cat","embeddable":true,"href":"https:\/\/decorcnc.com\/es\/wp-json\/wp\/v2\/product_cat?post=1732"},{"taxonomy":"product_tag","embeddable":true,"href":"https:\/\/decorcnc.com\/es\/wp-json\/wp\/v2\/product_tag?post=1732"}],"curies":[{"name":"wp","href":"https:\/\/api.w.org\/{rel}","templated":true}]}}