{"id":1838,"date":"2023-04-25T10:46:16","date_gmt":"2023-04-25T07:46:16","guid":{"rendered":"https:\/\/decorcnc.com\/funda-de-madera-para-muebles-no-1\/"},"modified":"2024-05-19T19:08:13","modified_gmt":"2024-05-19T16:08:13","slug":"funda-de-madera-para-muebles-no-1","status":"publish","type":"product","link":"https:\/\/decorcnc.com\/es\/producto\/funda-de-madera-para-muebles-no-1\/","title":{"rendered":"Funda de madera para muebles n\u00ba 1"},"content":{"rendered":"<p>Funda de madera para muebles n\u00ba 1<\/p>\n","protected":false},"excerpt":{"rendered":"<h3 style=\"text-align: center;\"><a href=\"https:\/\/decorcnc.com\/instructions\/\" target=\"_blank\" rel=\"noopener\"><strong>\u041f\u0435\u0440\u0435\u0433\u043b\u044f\u043d\u044c\u0442\u0435 \u0440\u043e\u0437\u0434\u0456\u043b \u0434\u043e\u0432\u0456\u0434\u043a\u0438<\/strong><\/a><strong> \u0456 \u043f\u0440\u043e\u0447\u0438\u0442\u0430\u0439\u0442\u0435 \u043e\u043f\u0438\u0441.<\/strong><\/h3>\n<h3 style=\"text-align: center;\"><strong><a href=\"https:\/\/decorcnc.com\/wp-content\/uploads\/3d_model\/1-dekoratyvna-nakladka-mini.stl\" target=\"_blank\" rel=\"noopener\">Descargar el modelo<\/a><\/strong><\/h3>\n<p style=\"text-align: left;\"><strong>La funda de mueble de madera n.\u00ba 1 est\u00e1 disponible por encargo anticipado.<\/strong>  La calidad del modelo 3D con un n\u00famero m\u00ednimo de pol\u00edgonos, que se realiza para una mejor carga y visualizaci\u00f3n del producto. Una vista de demostraci\u00f3n del modelo es necesaria para ver el producto en tu talla y calcular el coste del producto. Utilizamos modelos 3D de alta calidad para la producci\u00f3n. Puedes escalar el modelo, elegir el material y opciones adicionales. Puedes obtener un coste preliminar de un producto fabricado con madera natural de alta calidad y otros materiales. Lee m\u00e1s en la descripci\u00f3n o en la p\u00e1gina de instrucciones.<\/p>\n","protected":false},"featured_media":1839,"comment_status":"open","ping_status":"closed","template":"","meta":[],"product_brand":[],"product_cat":[656,655],"product_tag":[684],"class_list":{"0":"post-1838","1":"product","2":"type-product","3":"status-publish","4":"has-post-thumbnail","6":"product_cat-decoracion-tallada-incrustaciones-para-el-acabado-de-puertas-y-muebles","7":"product_cat-decoracion-de-madera-tallada","8":"product_tag-superposicion-tallada","9":"pa_p3d_coating-all-es","10":"pa_p3d_cutting_instructions-all-es","11":"pa_p3d_filename-all-ru","12":"pa_p3d_infill-all","13":"pa_p3d_material-all-es","14":"pa_p3d_model-all","15":"pa_p3d_original_url-all-en","16":"pa_p3d_postprocessing-all-es","17":"pa_p3d_printer-10-3d-modelo","18":"pa_p3d_printer-2-fresado-cnc-3d","19":"pa_p3d_scale-all-es","20":"pa_p3d_unit-all-es","21":"pa_typ-vyrobu-poslugy-superposicion-decorativa","22":"tm-no-options","24":"first","25":"instock","26":"shipping-taxable","27":"purchasable","28":"product-type-variable"},"_links":{"self":[{"href":"https:\/\/decorcnc.com\/es\/wp-json\/wp\/v2\/product\/1838","targetHints":{"allow":["GET"]}}],"collection":[{"href":"https:\/\/decorcnc.com\/es\/wp-json\/wp\/v2\/product"}],"about":[{"href":"https:\/\/decorcnc.com\/es\/wp-json\/wp\/v2\/types\/product"}],"replies":[{"embeddable":true,"href":"https:\/\/decorcnc.com\/es\/wp-json\/wp\/v2\/comments?post=1838"}],"wp:featuredmedia":[{"embeddable":true,"href":"https:\/\/decorcnc.com\/es\/wp-json\/wp\/v2\/media\/1839"}],"wp:attachment":[{"href":"https:\/\/decorcnc.com\/es\/wp-json\/wp\/v2\/media?parent=1838"}],"wp:term":[{"taxonomy":"product_brand","embeddable":true,"href":"https:\/\/decorcnc.com\/es\/wp-json\/wp\/v2\/product_brand?post=1838"},{"taxonomy":"product_cat","embeddable":true,"href":"https:\/\/decorcnc.com\/es\/wp-json\/wp\/v2\/product_cat?post=1838"},{"taxonomy":"product_tag","embeddable":true,"href":"https:\/\/decorcnc.com\/es\/wp-json\/wp\/v2\/product_tag?post=1838"}],"curies":[{"name":"wp","href":"https:\/\/api.w.org\/{rel}","templated":true}]}}