{"id":36246,"date":"2023-06-05T10:38:21","date_gmt":"2023-06-05T07:38:21","guid":{"rendered":"https:\/\/decorcnc.com\/product\/reparacion-de-modelos-3d\/"},"modified":"2023-06-05T10:38:21","modified_gmt":"2023-06-05T07:38:21","slug":"reparacion-de-modelos-3d","status":"publish","type":"product","link":"https:\/\/decorcnc.com\/es\/producto\/reparacion-de-modelos-3d\/","title":{"rendered":"Reparaci\u00f3n de modelos 3D"},"content":{"rendered":"<h2>Reparaci\u00f3n de modelos 3D para su posterior procesamiento CNC (o impresi\u00f3n 3D)<\/h2>\n<h3>Introducci\u00f3n al modelado y reparaci\u00f3n en 3D<\/h3>\n<p>El modelado 3D se ha convertido en parte integrante de los procesos de fabricaci\u00f3n modernos, incluido el mecanizado por control num\u00e9rico computerizado (CNC). Permite crear im\u00e1genes virtuales de objetos que luego pueden cobrar vida. Entre las principales ventajas del modelado 3D est\u00e1 la capacidad de reproducir con precisi\u00f3n las formas y las propiedades de los materiales, lo que contribuye a un dise\u00f1o m\u00e1s eficaz y a reducir los costes de producci\u00f3n. Sin embargo, un aspecto importante que no debe pasarse por alto es la reparaci\u00f3n de los modelos 3D, que es un paso cr\u00edtico antes del posterior procesamiento CNC.   <\/p>\n<p>Durante el proceso de creaci\u00f3n de modelos 3D, pueden surgir diversos problemas, como errores de geometr\u00eda, incoherencias topol\u00f3gicas y otros defectos que pueden reducir la calidad de los productos acabados. Estos problemas pueden afectar negativamente al rendimiento del CNC, provocando resultados impredecibles, reducci\u00f3n de la precisi\u00f3n o incluso da\u00f1os en el equipo. Por lo tanto, la reparaci\u00f3n de los modelos es una medida necesaria para garantizar su funcionamiento ininterrumpido en las siguientes fases de producci\u00f3n.  <\/p>\n<p>Al reparar modelos 3D, los ingenieros y dise\u00f1adores suelen utilizar herramientas de software espec\u00edficas para identificar y eliminar los defectos del modelo. El proceso de reparaci\u00f3n implica corregir contornos, reducir el n\u00famero de pol\u00edgonos y restaurar las normales correctas. Esto permite preparar el modelo para el mecanizado CNC, lo que a su vez garantiza unos resultados \u00f3ptimos durante la producci\u00f3n. Disponer de modelos de alta calidad y sin defectos es la clave del \u00e9xito del mecanizado CNC, que te permite alcanzar altos niveles de calidad en el producto final.   <\/p>\n<h3>Problemas habituales con los modelos 3D<\/h3>\n<p>Durante el proceso de creaci\u00f3n de modelos 3D, pueden surgir diversos problemas que impidan su posterior procesamiento por CNC (control num\u00e9rico por ordenador). Uno de los problemas m\u00e1s comunes son los fallos en la geometr\u00eda de los modelos. Estos problemas pueden manifestarse en forma de caras que faltan o sobran, conexi\u00f3n incorrecta de las piezas y objetos que no son adecuados para el mecanizado. Es importante recordar que incluso los errores geom\u00e9tricos menores pueden afectar significativamente a la calidad del producto final, por lo que es esencial identificarlos en una fase temprana.   <\/p>\n<p>Otro problema habitual es la escala incorrecta de los modelos 3D. Los tama\u00f1os de objetos que no se corresponden con la realidad pueden provocar graves errores de fabricaci\u00f3n. Esto suele deberse a ajustes del software o a par\u00e1metros de exportaci\u00f3n incorrectos que afectan a la escala del objeto. Es extremadamente importante comprobar la escala antes del procesamiento, ya que afecta directamente a la precisi\u00f3n de las piezas producidas.   <\/p>\n<h3>Estos son los errores m\u00e1s comunes que se producen al crear modelos 3D para el fresado CNC:<\/h3>\n<ol>\n<li style=\"list-style-type: none;\">\n<ol start=\"1\">\n<li><strong>Tama\u00f1o o escala incorrectos<\/strong>:\n<ul>\n<li>El modelo puede crearse a una escala incorrecta, lo que puede provocar errores durante el mecanizado CNC. Es importante tener en cuenta las unidades de medida reales. <\/li>\n<\/ul>\n<\/li>\n<li><strong>Paredes delgadas<\/strong>:\n<ul>\n<li>Las piezas demasiado finas o peque\u00f1as pueden no ser mecanizables. Las m\u00e1quinas CNC tienen limitaciones de utillaje para piezas peque\u00f1as. <\/li>\n<\/ul>\n<\/li>\n<li><strong>Inconsistencia de las superficies<\/strong>:\n<ul>\n<li>Si las superficies del modelo se cruzan, solapan o contienen agujeros, pueden producirse errores en la trayectoria de la herramienta.<\/li>\n<\/ul>\n<\/li>\n<li><strong>Rejilla no optimizada<\/strong>:\n<ul>\n<li>Una malla demasiado fina puede ralentizar innecesariamente la generaci\u00f3n de programas de control. Una malla demasiado gruesa puede distorsionar los detalles del modelo. <\/li>\n<\/ul>\n<\/li>\n<li><strong>Orientaci\u00f3n incorrecta de las normales<\/strong>:\n<ul>\n<li>Las normales deben apuntar hacia fuera. Si apuntan hacia dentro, es posible que el TNC no interprete correctamente las capas del modelo. <\/li>\n<\/ul>\n<\/li>\n<li><strong>Falta de transiciones suaves<\/strong>:\n<ul>\n<li>Las esquinas afiladas o las irregularidades pueden provocar errores de mecanizado. Los contornos suaves garantizan mejores resultados de corte. <\/li>\n<\/ul>\n<\/li>\n<li><strong>El formato del archivo es incorrecto<\/strong>:\n<ul>\n<li>Utilizar formatos no compatibles con el CNC (por ejemplo, archivos CAD no est\u00e1ndar) puede provocar errores al importar el modelo al software CAM.<\/li>\n<\/ul>\n<\/li>\n<li><strong>Falta de validaci\u00f3n del modelo<\/strong>:\n<ul>\n<li>Omitir el paso de verificaci\u00f3n antes de transferir el modelo al CNC puede dejar errores geom\u00e9tricos sin corregir.<\/li>\n<\/ul>\n<\/li>\n<\/ol>\n<\/li>\n<\/ol>\n<p>Los modelos que no est\u00e1n optimizados para una aplicaci\u00f3n espec\u00edfica (por ejemplo, fresado CNC o impresi\u00f3n 3D) pueden causar problemas de rendimiento<\/p>\n<h2>M\u00e9todos de reparaci\u00f3n de modelos 3D<\/h2>\n<p>Reparar modelos 3D es una parte importante del proceso de prepararlos para su posterior procesamiento en plataformas de control num\u00e9rico por ordenador (CNC). Los principales m\u00e9todos utilizados para arreglar problemas en modelos 3D incluyen programas automatizados, plug-ins para editores 3D y arreglos manuales. <\/p>\n<p>Los programas automatizados como Meshmixer o Netfabb suelen ofrecer una amplia funcionalidad para detectar y corregir errores geom\u00e9tricos. Aplican algoritmos que permiten resolver r\u00e1pida y eficazmente problemas comunes como superficies irregulares, normales incorrectas y agujeros en la malla. La principal ventaja de estas soluciones es la rapidez y automatizaci\u00f3n del proceso. Sin embargo, hay que tener en cuenta que no todos los errores pueden corregirse con m\u00e9todos automatizados, y en algunos casos, la p\u00e9rdida de calidad puede ser inaceptable.   <\/p>\n<p>Tambi\u00e9n pueden resultar \u00fatiles los plug-ins para editores 3D como Blender, Rhino o Fusion 360. Estas herramientas permiten a los usuarios hacer correcciones directamente en el entorno de la aplicaci\u00f3n. Las ventajas de estos plug-ins son la estrecha integraci\u00f3n con el flujo de trabajo y la posibilidad de un control detallado al realizar las correcciones. Por otro lado, el aprendizaje de plug-ins espec\u00edficos puede requerir conocimientos adicionales, lo que puede ser una desventaja para los principiantes.   <\/p>\n<p>Los m\u00e9todos de correcci\u00f3n manual, como la edici\u00f3n de v\u00e9rtices o aristas del modelo, pueden ser eficaces en situaciones en las que el error es espec\u00edfico y no puede tratarse autom\u00e1ticamente. Sin embargo, estos m\u00e9todos son m\u00e1s laboriosos y requieren bastante tiempo y paciencia, sobre todo para los nuevos usuarios. <\/p>\n<p>Por tanto, la elecci\u00f3n del m\u00e9todo de reparaci\u00f3n de modelos 3D depende de los requisitos espec\u00edficos del proyecto y de la experiencia del usuario. Si eliges las herramientas adecuadas, podr\u00e1s mejorar considerablemente la calidad de tus modelos acabados para su posterior mecanizado CNC. <\/p>\n<h2>Preparaci\u00f3n para el mecanizado CNC<\/h2>\n<p>Antes de cargar un modelo 3D para el mecanizado CNC, es importante pasar por varios pasos clave de preparaci\u00f3n. Una preparaci\u00f3n adecuada del modelo no s\u00f3lo mejora la calidad del producto acabado, sino que tambi\u00e9n evita posibles problemas durante el procesamiento. El primer paso es elegir un formato de archivo. Los formatos m\u00e1s utilizados son STL, OBJ o STEP, ya que garantizan una gran precisi\u00f3n en la transferencia de datos geom\u00e9tricos.   <\/p>\n<p>Para garantizar una mayor precisi\u00f3n en el mecanizado CNC, es importante tener en cuenta varios aspectos clave de la malla del modelo 3D:<\/p>\n<ol>\n<li><strong>Malla triangular<\/strong>:\n<ul>\n<li>M\u00e1s vers\u00e1til para superficies dif\u00edciles.<\/li>\n<li>Proporciona gran detalle, especialmente en formas curvas o complejas.<\/li>\n<li>Cuanto m\u00e1s peque\u00f1os sean los tri\u00e1ngulos, m\u00e1s preciso ser\u00e1 el procesamiento, pero esto aumenta la cantidad de datos procesados.<\/li>\n<\/ul>\n<\/li>\n<li><strong>Densidad de malla<\/strong>:\n<ul>\n<li>Una malla m\u00e1s densa proporciona mayor precisi\u00f3n, pero tambi\u00e9n requiere m\u00e1s recursos de procesamiento.<\/li>\n<li>Recomendaci\u00f3n: Equilibra precisi\u00f3n y rendimiento. Una malla demasiado densa puede ralentizar el fresado. <\/li>\n<\/ul>\n<\/li>\n<li><strong>Resistencia al agua del modelo<\/strong>:\n<ul>\n<li>El modelo debe ser \u00abm\u00faltiple\u00bb, es decir, no debe tener agujeros ni irregularidades en la malla. Esto garantiza la correcta generaci\u00f3n de trayectorias para la herramienta. <\/li>\n<\/ul>\n<\/li>\n<li>La <strong>ubicaci\u00f3n de las normales<\/strong>:\n<ul>\n<li>Todas las normales deben estar correctamente orientadas (hacia fuera), de lo contrario el TNC puede no procesar correctamente el modelo.<\/li>\n<\/ul>\n<\/li>\n<li><strong>Formato del modelo<\/strong>:\n<ul>\n<li>STL o STEP son formatos populares para CNC. Proporcionan una conversi\u00f3n precisa del modelo en sendas. <\/li>\n<\/ul>\n<\/li>\n<\/ol>\n<p>En general, una malla de densidad media a alta suele ser la mejor opci\u00f3n para el mecanizado CNC.<\/p>\n<p>Por \u00faltimo, no olvides optimizar tus modelos 3D. Limpiar la geometr\u00eda, evitar el exceso de pol\u00edgonos y comprobar si hay errores son pasos que pueden ayudarte a conseguir resultados \u00f3ptimos durante el mecanizado CNC. Todos estos pasos requieren atenci\u00f3n, pero los resultados pueden superar con creces tus expectativas.  <\/p>\n<h2>Comprueba la calidad de los modelos 3D<\/h2>\n<p>Comprobar la calidad de los modelos 3D es parte integrante del proceso de prepararlos para su posterior mecanizado CNC. La calidad de los modelos tendr\u00e1 un impacto directo en la precisi\u00f3n de la producci\u00f3n, por lo que es importante asegurarse de que cumplen una serie de criterios claramente definidos. Los criterios principales son la precisi\u00f3n geom\u00e9trica, la integridad estructural y el aspecto est\u00e9tico.  <\/p>\n<p>La precisi\u00f3n geom\u00e9trica indica hasta qu\u00e9 punto el modelo reparado se ajusta a los par\u00e1metros especificados. El uso de software CAD (dise\u00f1o asistido por ordenador) puede ayudar a verificar las dimensiones y distancias entre los puntos clave del modelo. Tambi\u00e9n es importante comprobar que no se ha producido ninguna deformaci\u00f3n durante el proceso de reparaci\u00f3n, ya que esto puede afectar negativamente a los resultados del mecanizado.  <\/p>\n<p>La integridad estructural de los modelos renovados es un aspecto importante, ya que las conexiones d\u00e9biles o incorrectas pueden provocar roturas durante el mecanizado CNC. Para evaluar esta calidad, se recomienda realizar pruebas mec\u00e1nicas con software especializado. \u00c9stos son capaces de simular la carga sobre el modelo y ayudan a identificar posibles puntos d\u00e9biles.  <\/p>\n<p>El aspecto est\u00e9tico, aunque no es cr\u00edtico para la funcionalidad del modelo, tambi\u00e9n desempe\u00f1a un papel, sobre todo en las fases finales del procesamiento. Las herramientas de renderizado pueden utilizarse para visualizar el modelo, proporcionando una comprobaci\u00f3n paso a paso del aspecto y las texturas de la superficie. Estas herramientas no s\u00f3lo pueden ayudarte a identificar problemas est\u00e9ticos, sino que tambi\u00e9n pueden facilitar la correcci\u00f3n de errores.  <\/p>\n<p>As\u00ed, un enfoque sistem\u00e1tico del control de calidad de los modelos 3D reparados reducir\u00e1 el riesgo de errores durante el mecanizado CNC, lo que a su vez aumentar\u00e1 la eficacia y fiabilidad de los procesos de producci\u00f3n.<\/p>\n<h2>Conclusiones y recomendaciones<\/h2>\n<p>Al reparar modelos 3D para su posterior mecanizado CNC, es importante tener en cuenta varios aspectos clave que afectan a la calidad y precisi\u00f3n de los productos acabados. En primer lugar, es necesario centrarse en la calidad de los modelos 3D originales. Puede parecer que el objetivo principal del trabajo de reparaci\u00f3n es corregir los errores de los modelos, pero los procesos de adaptaci\u00f3n de los modelos a las condiciones espec\u00edficas de mecanizado no son menos importantes. Esto incluye el ajuste de la geometr\u00eda, la selecci\u00f3n de materiales y la optimizaci\u00f3n de los programas de control de las m\u00e1quinas CNC.   <\/p>\n<p>En segundo lugar, la mejora continua de las competencias en este \u00e1mbito es extremadamente importante. El progreso tecnol\u00f3gico no se detiene, y los nuevos m\u00e9todos de reparaci\u00f3n de modelos 3D, as\u00ed como las mejoras en el software, abren nuevas oportunidades a los profesionales. Asistiendo a cursos especializados, seminarios o talleres, puedes mejorar significativamente tus conocimientos y habilidades pr\u00e1cticas. Tambi\u00e9n es \u00fatil mantenerse al d\u00eda de las actualizaciones del software CAD y de las tecnolog\u00edas de mecanizado, ya que esto te permite seguir siendo competitivo en el mercado laboral.   <\/p>\n<p>Tambi\u00e9n merece la pena considerar la colaboraci\u00f3n con especialistas como ingenieros, dise\u00f1adores y operadores de CNC. Una comunicaci\u00f3n eficaz entre estas profesiones ayuda a evitar errores y a conseguir resultados \u00f3ptimos en el proceso de reparaci\u00f3n de modelos 3D. La interacci\u00f3n con el equipo tambi\u00e9n puede facilitar el intercambio de experiencias e ideas, lo que se convierte en un componente importante para completar con \u00e9xito los proyectos.  <\/p>\n<p>As\u00ed, la atenci\u00f3n al detalle, la formaci\u00f3n y la colaboraci\u00f3n son aspectos cruciales para una reparaci\u00f3n eficaz de los modelos 3D, que permita obtener los mejores resultados en el mecanizado CNC posterior.<\/p>\n","protected":false},"excerpt":{"rendered":"<h2 style=\"text-align: left;\"><img decoding=\"async\" class=\" wd-lazy-fade alignleft wp-image-811 size-thumbnail\" title=\"Reparaci\u00f3n de modelos 3D\" src=\"https:\/\/decorcnc.com\/wp-content\/themes\/woodmart\/images\/lazy.svg\" data-src=\"https:\/\/decorcnc.com\/wp-content\/uploads\/Services%203D%20Modeling\/decorcnc_icon_3d-model-repair-400h400-150x150.png\" alt=\"Reparaci\u00f3n de modelos 3D\" width=\"150\" height=\"150\">Reparaci\u00f3n de alta calidad de modelos 3D para su posterior procesamiento<\/h2>\n<p>Si buscas servicios profesionales de reparaci\u00f3n de modelos 3D, has venido al lugar adecuado. Nuestros equipos est\u00e1n especializados en la edici\u00f3n y optimizaci\u00f3n de archivos 3D para garantizar un resultado impecable para su posterior mecanizado CNC o impresi\u00f3n 3D. <\/p>\n<h3 style=\"text-align: left;\">El proceso de reparaci\u00f3n de modelos 3D<\/h3>\n<p>Nuestro proceso de reparaci\u00f3n de modelos 3D es eficaz y c\u00f3modo. S\u00f3lo tienes que subir tu modelo 3D a nuestro sitio web y te proporcionaremos r\u00e1pidamente un presupuesto. Esto te permite ahorrar tiempo y tener una idea clara de los costes antes de empezar.  <\/p>\n<h3 style=\"text-align: left;\">Ventajas de nuestros servicios<\/h3>\n<p>Ofrecemos reparaci\u00f3n de alta calidad de modelos 3D adecuados para diversas aplicaciones, como mecanizado CNC, impresi\u00f3n 3D, etc.<\/p>\n<p>. Nuestros especialistas tienen una amplia experiencia en edici\u00f3n, por lo que podemos eliminar defectos, mejorar la calidad y optimizar los modelos para la impresi\u00f3n. Esto te ayudar\u00e1 a conseguir los mejores resultados en tu trabajo.  <\/p>\n<ul>\n<li><strong>Modelado 3D<\/strong><\/li>\n<li><strong>Reparaci\u00f3n de la red<\/strong><\/li>\n<li><strong>Edici\u00f3n de modelos<\/strong><\/li>\n<li><strong>Restaurar la geometr\u00eda<\/strong><\/li>\n<li><strong>Retopolog\u00eda<\/strong><\/li>\n<\/ul>\n","protected":false},"featured_media":2564,"comment_status":"open","ping_status":"closed","template":"","meta":[],"product_brand":[],"product_cat":[654,648],"product_tag":[],"class_list":{"0":"post-36246","1":"product","2":"type-product","3":"status-publish","4":"has-post-thumbnail","6":"product_cat-nuestros-servicios","7":"product_cat-modelado-3d","8":"pa_p3d_coating-all-es","9":"pa_p3d_cutting_instructions-all-es","10":"pa_p3d_filename-all-ru","11":"pa_p3d_infill-all","12":"pa_p3d_material-all-es","13":"pa_p3d_model-all","14":"pa_p3d_original_url-all-en","15":"pa_p3d_postprocessing-all-es","16":"pa_p3d_printer-11-reparacion-de-modelos-3d","17":"pa_p3d_scale-all-es","18":"pa_p3d_unit-all-es","19":"tm-no-options","21":"first","22":"instock","23":"shipping-taxable","24":"purchasable","25":"product-type-variable"},"_links":{"self":[{"href":"https:\/\/decorcnc.com\/es\/wp-json\/wp\/v2\/product\/36246","targetHints":{"allow":["GET"]}}],"collection":[{"href":"https:\/\/decorcnc.com\/es\/wp-json\/wp\/v2\/product"}],"about":[{"href":"https:\/\/decorcnc.com\/es\/wp-json\/wp\/v2\/types\/product"}],"replies":[{"embeddable":true,"href":"https:\/\/decorcnc.com\/es\/wp-json\/wp\/v2\/comments?post=36246"}],"wp:featuredmedia":[{"embeddable":true,"href":"https:\/\/decorcnc.com\/es\/wp-json\/wp\/v2\/media\/2564"}],"wp:attachment":[{"href":"https:\/\/decorcnc.com\/es\/wp-json\/wp\/v2\/media?parent=36246"}],"wp:term":[{"taxonomy":"product_brand","embeddable":true,"href":"https:\/\/decorcnc.com\/es\/wp-json\/wp\/v2\/product_brand?post=36246"},{"taxonomy":"product_cat","embeddable":true,"href":"https:\/\/decorcnc.com\/es\/wp-json\/wp\/v2\/product_cat?post=36246"},{"taxonomy":"product_tag","embeddable":true,"href":"https:\/\/decorcnc.com\/es\/wp-json\/wp\/v2\/product_tag?post=36246"}],"curies":[{"name":"wp","href":"https:\/\/api.w.org\/{rel}","templated":true}]}}