{"id":36255,"date":"2023-05-11T21:05:05","date_gmt":"2023-05-11T18:05:05","guid":{"rendered":"https:\/\/decorcnc.com\/product\/fresado-cnc-2d\/"},"modified":"2023-05-11T21:05:05","modified_gmt":"2023-05-11T18:05:05","slug":"fresado-cnc-2d","status":"publish","type":"product","link":"https:\/\/decorcnc.com\/es\/producto\/fresado-cnc-2d\/","title":{"rendered":"Fresado CNC 2D"},"content":{"rendered":"<h2>Fabricaci\u00f3n de piezas basadas en tecnolog\u00edas 2D: Fresado, grabado y corte CNC<\/h2>\n<h3>\u00bfQu\u00e9 es el fresado CNC 2D?<\/h3>\n<p>El fresado de control num\u00e9rico por ordenador (CNC) 2D es un proceso de procesamiento de materiales de alta tecnolog\u00eda que utiliza sistemas informatizados para eliminar con precisi\u00f3n el material de una pieza de trabajo. Este m\u00e9todo permite crear una gran variedad de piezas y componentes con formas planas, con una precisi\u00f3n que no es posible con los m\u00e9todos mec\u00e1nicos tradicionales. El proceso implica el uso de fresas especiales que se mueven en dos dimensiones -los ejes X e Y-, lo que garantiza una gran precisi\u00f3n de mecanizado.  <\/p>\n<p>Las ventajas del fresado CNC 2D incluyen la capacidad de mecanizar una gran variedad de materiales, como madera, pl\u00e1stico, acr\u00edlico y materiales compuestos, mientras que los metales suelen asociarse al fresado. Debido a la precisi\u00f3n que puede alcanzarse durante el mecanizado, este m\u00e9todo es una opci\u00f3n ideal para crear geometr\u00edas complejas y piezas con requisitos de alta calidad. <\/p>\n<p>El fresado 2D se utiliza ampliamente en diversas industrias. Por ejemplo, se utiliza en la industria del mueble para fabricar elementos decorativos, en la industria electr\u00f3nica para crear sustratos y en el dise\u00f1o industrial para fabricar prototipos. Entre sus principales ventajas est\u00e1 la posibilidad de cambiar los dise\u00f1os r\u00e1pidamente, lo que supone un gran paso hacia la personalizaci\u00f3n de los productos.  <\/p>\n<h3>Grabado 2D: Tecnolog\u00eda y capacidades<\/h3>\n<p>El grabado 2D es una de las tecnolog\u00edas m\u00e1s populares en el procesamiento de materiales, que permite crear im\u00e1genes detalladas y de alta calidad en diversas superficies. Este proceso se utiliza en muchos \u00e1mbitos, como la fabricaci\u00f3n de regalos individuales, productos promocionales, joyas, as\u00ed como para crear elementos en el campo del dise\u00f1o y el mobiliario. <\/p>\n<p>La tecnolog\u00eda de grabado 2D se basa en el uso de sistemas de control num\u00e9rico por ordenador (CNC) que controlan el movimiento del cabezal de grabado a lo largo de una trayectoria predeterminada. Esto permite conseguir una gran precisi\u00f3n y contornos n\u00edtidos, lo que es un factor importante para la calidad de los pedidos. El grabado puede realizarse en diversos materiales, como metal, pl\u00e1stico, madera, acr\u00edlico, cristal e incluso cuero, lo que ampl\u00eda las posibilidades de uso de esta tecnolog\u00eda.  <\/p>\n<p>La elecci\u00f3n de los materiales de grabado tiene un impacto significativo en el resultado final. Por ejemplo, la madera aporta un aspecto natural y calidez, mientras que el metal puede proporcionar durabilidad y elegancia. Al elegir un material, tambi\u00e9n debes tener en cuenta la finalidad del producto y c\u00f3mo se va a utilizar. En la industria del regalo, el grabado en 2D se utiliza a menudo para personalizar art\u00edculos, haci\u00e9ndolos \u00fanicos y significativos para el destinatario.   <\/p>\n<p>Otra ventaja del grabado es la posibilidad de trabajar con pedidos individuales. Los clientes pueden proporcionar bocetos o dibujos que se utilizar\u00e1n como base para fabricar los productos. Esto permite una mayor personalizaci\u00f3n de los productos y un acercamiento a las necesidades de cada cliente.  <\/p>\n<h3>Trabajo de corte 2D en el CNC: Ventajas y caracter\u00edsticas<\/h3>\n<p>Las operaciones de corte con control num\u00e9rico por ordenador (CNC) desempe\u00f1an un papel importante en la fabricaci\u00f3n moderna, gracias a su capacidad para ofrecer alta precisi\u00f3n y eficacia. El uso de tecnolog\u00edas 2D para cortar materiales puede reducir significativamente el tiempo necesario para producir piezas, al tiempo que garantiza un alto nivel de repetibilidad y calidad. Gracias a la automatizaci\u00f3n del proceso, las m\u00e1quinas CNC realizan tareas con un riesgo m\u00ednimo de error humano, lo que reduce la probabilidad de errores.  <\/p>\n<p>Una de las principales ventajas de utilizar CNC en el corte 2D es la alta velocidad de cumplimiento de los pedidos. Las m\u00e1quinas automatizadas pueden procesar grandes vol\u00famenes de materiales en poco tiempo, lo que las hace ideales para las industrias que necesitan responder r\u00e1pidamente a los pedidos de los clientes. Adem\u00e1s, el CNC puede trabajar con una gran variedad de materiales, como madera, pl\u00e1sticos, compuestos e incluso algunas piedras, lo que abre nuevos horizontes en el dise\u00f1o y la producci\u00f3n.  <\/p>\n<p>Otra ventaja significativa es la capacidad de fabricar piezas seg\u00fan dibujos y bocetos individuales. Esto permite realizar proyectos \u00fanicos y adaptar los productos a las necesidades espec\u00edficas de los clientes, lo que es un componente importante de la competitividad. Gracias a las capacidades del corte CNC 2D, los fabricantes pueden ofrecer a los clientes no s\u00f3lo soluciones est\u00e1ndar, sino tambi\u00e9n ofertas individuales que satisfagan sus requisitos y deseos.  <\/p>\n<h3>Pedidos y precios: \u00bfC\u00f3mo obtengo un precio estimado?<\/h3>\n<p>El pedido de piezas mediante tecnolog\u00edas 2D, como el fresado, el grabado y el corte CNC, comienza con la correcta preparaci\u00f3n de un plano. Tu capacidad para obtener un presupuesto del trabajo depende en gran medida de la calidad y el formato de los materiales que presentes. El primer paso es determinar el tipo de trabajo que te interesa y crear un dibujo preciso. Es importante prestar atenci\u00f3n a las dimensiones, la precisi\u00f3n y las especificaciones que pueden afectar al coste final.   <\/p>\n<p>Para obtener un presupuesto, normalmente puedes subir un archivo con tu dibujo al sitio web de la empresa que presta el servicio de fabricaci\u00f3n. Los formatos m\u00e1s habituales son DXF, DWG y SVG, ya que se integran f\u00e1cilmente en las \u00faltimas soluciones de software CNC. Antes de subirlo, aseg\u00farate de que tu dibujo cumple los requisitos del servicio y no tiene errores gr\u00e1ficos que puedan complicar el proceso de fabricaci\u00f3n.  <\/p>\n<p>Otros factores que afectan al precio son el material utilizado para el acabado, la complejidad del dise\u00f1o y el tiempo de producci\u00f3n. Antes de enviar tu solicitud, considera las posibles opciones de material y t\u00e9cnica, ya que pueden cambiar significativamente el precio estimado. Por ejemplo, el grabado en madera puede tener un coste diferente al de los productos met\u00e1licos.  <\/p>\n<p>Presta siempre atenci\u00f3n a la posibilidad de recibir descuentos cuando hagas pedidos de grandes vol\u00famenes o en caso de cooperaci\u00f3n regular. Tambi\u00e9n es buena idea consultar a especialistas que puedan dar explicaciones detalladas de todas las fases de producci\u00f3n y definir claramente la mejor manera de organizar el proceso de pedido para obtener la oferta m\u00e1s favorable. <\/p>\n","protected":false},"excerpt":{"rendered":"<h2><img decoding=\"async\" class=\" wd-lazy-fade alignleft wp-image-636 size-thumbnail\" title=\"Fresado CNC 2D\" src=\"https:\/\/decorcnc.com\/wp-content\/themes\/woodmart\/images\/lazy.svg\" data-src=\"https:\/\/decorcnc.com\/wp-content\/uploads\/Cnc%20milling\/decorcnc_icon_2d-milling-400x400-1-150x150.png\" alt=\"Servicios profesionales de fresado 2D y grabado CNC\" width=\"150\" height=\"150\">Servicios profesionales de fresado 2D y grabado CNC<\/h2>\n<h3>\u00bfQu\u00e9 es el fresado y grabado 2D?<\/h3>\n<p>El fresado 2D y el grabado 2D CNC son procesos de alta tecnolog\u00eda que te permiten procesar con precisi\u00f3n materiales seg\u00fan tus planos. Nuestros servicios son ideales para crear piezas de diversos materiales no met\u00e1licos, como madera, pl\u00e1stico y materiales compuestos. <\/p>\n<h3>Nuestros servicios<\/h3>\n<p>Ofrecemos una amplia gama de servicios, como fresado 2D CNC, grabado 2D, corte 2D CNC. Produciremos seg\u00fan tus dibujos o bocetos. Todo el trabajo se realiza con gran precisi\u00f3n, lo que nos permite obtener excelentes resultados. Al hacernos un pedido, obtendr\u00e1s la calidad y la rapidez de ejecuci\u00f3n que son fundamentales para tu negocio.   <\/p>\n<h3>\u00bfC\u00f3mo hacer un pedido?<\/h3>\n<p>Para obtener un presupuesto de servicios de fresado 2D, sube un archivo de dibujo. Nuestro equipo de expertos evaluar\u00e1 r\u00e1pidamente tu proyecto y te ofrecer\u00e1 un precio competitivo. No lo dudes, \u00a1los servicios CNC de alta calidad te ayudar\u00e1n a dar vida a tus ideas!  <\/p>\n","protected":false},"featured_media":2523,"comment_status":"open","ping_status":"closed","template":"","meta":[],"product_brand":[],"product_cat":[654,647],"product_tag":[],"class_list":{"0":"post-36255","1":"product","2":"type-product","3":"status-publish","4":"has-post-thumbnail","6":"product_cat-nuestros-servicios","7":"product_cat-fresado-cnc-2d-3d","8":"pa_p3d_coating-all-es","9":"pa_p3d_cutting_instructions-all-es","10":"pa_p3d_filename-all-ru","11":"pa_p3d_infill-all","12":"pa_p3d_material-all-es","13":"pa_p3d_model-all","14":"pa_p3d_original_url-all-en","15":"pa_p3d_postprocessing-all-es","16":"pa_p3d_printer-5-fresado-cnc-2d","17":"pa_p3d_printer-6-grabado-2d","18":"pa_p3d_printer-7-corte-2d-grosor-del-material-5-10-mm","19":"pa_p3d_printer-8-corte-2d-grosor-del-material-10-20-mm","20":"pa_p3d_printer-9-fresado-2d-de-fachadas","21":"pa_p3d_scale-all-es","22":"pa_p3d_unit-all-es","23":"pa_typ-vyrobu-poslugy-corte-de-contorno","24":"pa_typ-vyrobu-poslugy-grabado","25":"tm-no-options","27":"first","28":"instock","29":"shipping-taxable","30":"purchasable","31":"product-type-variable"},"_links":{"self":[{"href":"https:\/\/decorcnc.com\/es\/wp-json\/wp\/v2\/product\/36255","targetHints":{"allow":["GET"]}}],"collection":[{"href":"https:\/\/decorcnc.com\/es\/wp-json\/wp\/v2\/product"}],"about":[{"href":"https:\/\/decorcnc.com\/es\/wp-json\/wp\/v2\/types\/product"}],"replies":[{"embeddable":true,"href":"https:\/\/decorcnc.com\/es\/wp-json\/wp\/v2\/comments?post=36255"}],"wp:featuredmedia":[{"embeddable":true,"href":"https:\/\/decorcnc.com\/es\/wp-json\/wp\/v2\/media\/2523"}],"wp:attachment":[{"href":"https:\/\/decorcnc.com\/es\/wp-json\/wp\/v2\/media?parent=36255"}],"wp:term":[{"taxonomy":"product_brand","embeddable":true,"href":"https:\/\/decorcnc.com\/es\/wp-json\/wp\/v2\/product_brand?post=36255"},{"taxonomy":"product_cat","embeddable":true,"href":"https:\/\/decorcnc.com\/es\/wp-json\/wp\/v2\/product_cat?post=36255"},{"taxonomy":"product_tag","embeddable":true,"href":"https:\/\/decorcnc.com\/es\/wp-json\/wp\/v2\/product_tag?post=36255"}],"curies":[{"name":"wp","href":"https:\/\/api.w.org\/{rel}","templated":true}]}}