{"id":36259,"date":"2023-06-05T12:58:25","date_gmt":"2023-06-05T09:58:25","guid":{"rendered":"https:\/\/decorcnc.com\/product\/fachada-720x400x20-marco-45-g-no1\/"},"modified":"2023-06-05T12:58:25","modified_gmt":"2023-06-05T09:58:25","slug":"fachada-720x400x20-marco-45-g-no1","status":"publish","type":"product","link":"https:\/\/decorcnc.com\/es\/producto\/fachada-720x400x20-marco-45-g-no1\/","title":{"rendered":"Fachada 720x400x20 \u00abmarco 45 g\u00bb n\u00ba1"},"content":{"rendered":"<h2 style=\"text-align: center;\">Una fachada cl\u00e1sica de madera maciza: Una soluci\u00f3n a medida para tu interior<\/h2>\n<h3 style=\"text-align: center;\">Ventajas de una fachada cl\u00e1sica de madera maciza<\/h3>\n<p>La Fachada Cl\u00e1sica 720x400x20 \u00abmarco 45 gr\u00bb n.\u00ba 1 de madera maciza tiene una serie de ventajas que la convierten en una opci\u00f3n atractiva para muchos propietarios de edificios. En primer lugar, las cualidades est\u00e9ticas de las fachadas de madera son insuperables; pueden dar a cualquier edificio un aspecto acogedor y elegante. Elegir madera de alta calidad, como el roble o el fresno, puede resaltar la individualidad del interior, creando una conexi\u00f3n armoniosa entre la decoraci\u00f3n exterior y la interior.  <\/p>\n<p>La durabilidad del material es otro aspecto importante. Si la fachada se fabrica y procesa correctamente, puede servir durante muchos a\u00f1os, conservando su belleza original. El acabado de alta calidad, que incluye el uso de barnices e impregnaciones especiales, proporciona una protecci\u00f3n fiable contra las influencias ambientales, evitando la putrefacci\u00f3n y los da\u00f1os por plagas. Gracias a ello, las fachadas cl\u00e1sicas de madera maciza no s\u00f3lo son est\u00e9ticas, sino tambi\u00e9n pr\u00e1cticas.   <\/p>\n<p>El respeto al medio ambiente es otra ventaja significativa de las fachadas de madera. La madera es un material natural, lo que la convierte en una opci\u00f3n respetuosa con el medio ambiente. Utilizar madera como material principal ayuda a reducir las emisiones de carbono y apoya el desarrollo sostenible. Durante su funcionamiento, las fachadas de madera tambi\u00e9n pueden tener un impacto positivo en el clima interior al regular la humedad.   <\/p>\n<p>Hay que tener en cuenta que un mantenimiento adecuado es esencial para conservar a largo plazo la belleza natural y la funcionalidad de las fachadas de madera. La limpieza peri\u00f3dica, la reaplicaci\u00f3n oportuna de revestimientos protectores y la reparaci\u00f3n puntual de da\u00f1os menores garantizan la longevidad de dichas fachadas. <\/p>\n<h3 style=\"text-align: center;\">Pedidos individuales y modelos 3D de fachadas<\/h3>\n<p>Los pedidos personalizados est\u00e1n disponibles para satisfacer las necesidades de los clientes con dise\u00f1os \u00fanicos de fachadas cl\u00e1sicas de madera maciza. El proceso de pedido comienza con una consulta, en la que los especialistas discuten todos los detalles, como las dimensiones, el estilo, la combinaci\u00f3n de colores y los materiales. Despu\u00e9s, los especialistas proceden a crear un dise\u00f1o detallado. En esta fase, es importante tener en cuenta todos los deseos del cliente para que la futura fachada encaje perfectamente en el conjunto del interior. El concepto del proyecto implica la creaci\u00f3n de dibujos y visualizaciones, que luego se acuerdan con el cliente.    <\/p>\n<p>La segunda etapa importante es la producci\u00f3n propiamente dicha de la fachada. Una vez aprobados todos los detalles, los artesanos empiezan a procesar la madera maciza, asegur\u00e1ndose de que cada etapa se completa con un alto nivel de calidad. Los encargos individuales nos permiten crear soluciones no s\u00f3lo est\u00e1ndar, sino tambi\u00e9n \u00fanicas, lo que se traduce en una gran satisfacci\u00f3n del cliente.  <\/p>\n<p>Otro aspecto importante es la posibilidad de cargar modelos 3D de fachadas. Esto es especialmente \u00fatil para quienes quieren visualizar su pedido antes de que empiece la producci\u00f3n. El software moderno permite a los usuarios crear modelos realistas, lo que contribuye a una mejor comprensi\u00f3n del producto acabado. Plataformas como SketchUp o AutoCAD ofrecen interfaces intuitivas para cargar y editar modelos. Los clientes pueden experimentar con distintos colores, texturas y formas, haciendo que el proceso de planificaci\u00f3n del dise\u00f1o sea m\u00e1s c\u00f3modo y eficaz.    <\/p>\n","protected":false},"excerpt":{"rendered":"<h2 style=\"text-align: center;\"><strong><img decoding=\"async\" class=\" wd-lazy-fade alignleft wp-image-815\" title=\"Fachada Cl\u00e1sica 720x400x20 \"marco 45 g\" n\u00ba1 de madera maciza\" src=\"https:\/\/decorcnc.com\/wp-content\/themes\/woodmart\/images\/lazy.svg\" data-src=\"https:\/\/decorcnc.com\/wp-content\/uploads\/121F Carved facades and panels\/fasad_gl3501-v1-400x720-1-300x300.png\" alt=\"Fachada Cl\u00e1sica 720x400x20 \"marco 45 g\" n\u00ba1 de madera maciza\" width=\"120\" height=\"120\" srcset=\"\" data-srcset=\"https:\/\/decorcnc.com\/wp-content\/uploads\/121F%20Carved%20facades%20and%20panels\/fasad_gl3501-v1-400x720-1-300x300.png 300w, https:\/\/decorcnc.com\/wp-content\/uploads\/121F%20Carved%20facades%20and%20panels\/fasad_gl3501-v1-400x720-1-430x430.png 430w, https:\/\/decorcnc.com\/wp-content\/uploads\/121F%20Carved%20facades%20and%20panels\/fasad_gl3501-v1-400x720-1-150x150.png 150w, https:\/\/decorcnc.com\/wp-content\/uploads\/121F%20Carved%20facades%20and%20panels\/fasad_gl3501-v1-400x720-1-700x700.png 700w, https:\/\/decorcnc.com\/wp-content\/uploads\/121F%20Carved%20facades%20and%20panels\/fasad_gl3501-v1-400x720-1-768x768.png 768w, https:\/\/decorcnc.com\/wp-content\/uploads\/121F%20Carved%20facades%20and%20panels\/fasad_gl3501-v1-400x720-1-31x31.png 31w, https:\/\/decorcnc.com\/wp-content\/uploads\/121F%20Carved%20facades%20and%20panels\/fasad_gl3501-v1-400x720-1-71x71.png 71w, https:\/\/decorcnc.com\/wp-content\/uploads\/121F%20Carved%20facades%20and%20panels\/fasad_gl3501-v1-400x720-1-120x120.png 120w, https:\/\/decorcnc.com\/wp-content\/uploads\/121F%20Carved%20facades%20and%20panels\/fasad_gl3501-v1-400x720-1-450x450.png 450w, https:\/\/decorcnc.com\/wp-content\/uploads\/121F%20Carved%20facades%20and%20panels\/fasad_gl3501-v1-400x720-1-80x80.png 80w, https:\/\/decorcnc.com\/wp-content\/uploads\/121F%20Carved%20facades%20and%20panels\/fasad_gl3501-v1-400x720-1.png 800w\" sizes=\"(max-width: 120px) 100vw, 120px\" \/><\/strong><strong>Fachada<\/strong> Cl\u00e1sica <strong>720x400x20 \u00abmarco 45 g\u00bb n\u00ba1<\/strong> de madera maciza: Una soluci\u00f3n a medida para tu interior<\/h2>\n<h3 style=\"text-align: center;\">Ventajas de una fachada cl\u00e1sica de madera maciza<\/h3>\n<p>La Fachada Cl\u00e1sica 720x400x20 \u00abmarco 45 gr\u00bb n.\u00ba 1 de madera maciza tiene una serie de ventajas que la convierten en una opci\u00f3n atractiva para muchos propietarios de edificios. En primer lugar, las cualidades est\u00e9ticas de las fachadas de madera son insuperables; pueden dar a cualquier edificio un aspecto acogedor y elegante. Elegir madera de alta calidad, como el roble o el fresno, puede resaltar la individualidad del interior, creando una conexi\u00f3n armoniosa entre la decoraci\u00f3n exterior y la interior.  <\/p>\n<p>La durabilidad del material es otro aspecto importante. Si la fachada se fabrica y procesa correctamente, puede servir durante muchos a\u00f1os, conservando su belleza original. El acabado de alta calidad, que incluye el uso de barnices e impregnaciones especiales, proporciona una protecci\u00f3n fiable contra las influencias ambientales, evitando la putrefacci\u00f3n y los da\u00f1os por plagas. Gracias a ello, las fachadas cl\u00e1sicas de madera maciza no s\u00f3lo son est\u00e9ticas, sino tambi\u00e9n pr\u00e1cticas.   <\/p>\n<p>El respeto al medio ambiente es otra ventaja significativa de las fachadas de madera. La madera es un material natural, lo que la convierte en una opci\u00f3n respetuosa con el medio ambiente. Utilizar madera como material principal ayuda a reducir las emisiones de carbono y apoya el desarrollo sostenible. Durante su funcionamiento, las fachadas de madera tambi\u00e9n pueden tener un impacto positivo en el clima interior al regular la humedad.   <\/p>\n<p>Hay que tener en cuenta que un mantenimiento adecuado es esencial para conservar a largo plazo la belleza natural y la funcionalidad de las fachadas de madera. La limpieza peri\u00f3dica, la reaplicaci\u00f3n oportuna de revestimientos protectores y la reparaci\u00f3n puntual de da\u00f1os menores garantizan la longevidad de dichas fachadas. <\/p>\n<h3 style=\"text-align: center;\">Pedidos individuales y modelos 3D de fachadas<\/h3>\n<p>Los pedidos personalizados est\u00e1n disponibles para satisfacer las necesidades de los clientes con dise\u00f1os \u00fanicos de fachadas cl\u00e1sicas de madera maciza. El proceso de pedido comienza con una consulta, en la que los especialistas discuten todos los detalles, como las dimensiones, el estilo, la combinaci\u00f3n de colores y los materiales. Despu\u00e9s, los especialistas proceden a crear un dise\u00f1o detallado. En esta fase, es importante tener en cuenta todos los deseos del cliente para que la futura fachada encaje perfectamente en el conjunto del interior. El concepto del proyecto implica la creaci\u00f3n de dibujos y visualizaciones, que luego se acuerdan con el cliente.    <\/p>\n<p>La segunda etapa importante es la producci\u00f3n propiamente dicha de la fachada. Una vez aprobados todos los detalles, los artesanos empiezan a procesar la madera maciza, asegur\u00e1ndose de que cada etapa se completa con un alto nivel de calidad. Los encargos individuales nos permiten crear soluciones no s\u00f3lo est\u00e1ndar, sino tambi\u00e9n \u00fanicas, lo que se traduce en una gran satisfacci\u00f3n del cliente.  <\/p>\n<p>Otro aspecto importante es la posibilidad de cargar modelos 3D de fachadas. Esto es especialmente \u00fatil para quienes quieren visualizar su pedido antes de que empiece la producci\u00f3n. El software moderno permite a los usuarios crear modelos realistas, lo que contribuye a una mejor comprensi\u00f3n del producto acabado. Plataformas como SketchUp o AutoCAD ofrecen interfaces intuitivas para cargar y editar modelos. Los clientes pueden experimentar con distintos colores, texturas y formas, haciendo que el proceso de planificaci\u00f3n del dise\u00f1o sea m\u00e1s c\u00f3modo y eficaz.    <\/p>\n","protected":false},"featured_media":2566,"comment_status":"open","ping_status":"closed","template":"","meta":[],"product_brand":[],"product_cat":[660,655,653],"product_tag":[],"class_list":{"0":"post-36259","1":"product","2":"type-product","3":"status-publish","4":"has-post-thumbnail","6":"product_cat-fachadas-talladas-paneles-3d-rejas-decorativas-para-el-interior","7":"product_cat-decoracion-de-madera-tallada","8":"product_cat-muebles-de-madera-solida","9":"pa_p3d_coating-all-es","10":"pa_p3d_filename-all-ru","11":"pa_p3d_infill-all","12":"pa_p3d_material-all-es","13":"pa_p3d_model-all","14":"pa_p3d_original_url-all-en","15":"pa_p3d_postprocessing-all-es","16":"pa_p3d_printer-10-3d-modelo","17":"pa_p3d_printer-3-fresado-3d-de-fachadas","18":"pa_p3d_scale-todo","19":"pa_typ-vyrobu-poslugy-la-fachada-de-los-muebles-es-lisa","20":"tm-no-options","22":"first","23":"instock","24":"shipping-taxable","25":"purchasable","26":"product-type-variable"},"_links":{"self":[{"href":"https:\/\/decorcnc.com\/es\/wp-json\/wp\/v2\/product\/36259","targetHints":{"allow":["GET"]}}],"collection":[{"href":"https:\/\/decorcnc.com\/es\/wp-json\/wp\/v2\/product"}],"about":[{"href":"https:\/\/decorcnc.com\/es\/wp-json\/wp\/v2\/types\/product"}],"replies":[{"embeddable":true,"href":"https:\/\/decorcnc.com\/es\/wp-json\/wp\/v2\/comments?post=36259"}],"wp:featuredmedia":[{"embeddable":true,"href":"https:\/\/decorcnc.com\/es\/wp-json\/wp\/v2\/media\/2566"}],"wp:attachment":[{"href":"https:\/\/decorcnc.com\/es\/wp-json\/wp\/v2\/media?parent=36259"}],"wp:term":[{"taxonomy":"product_brand","embeddable":true,"href":"https:\/\/decorcnc.com\/es\/wp-json\/wp\/v2\/product_brand?post=36259"},{"taxonomy":"product_cat","embeddable":true,"href":"https:\/\/decorcnc.com\/es\/wp-json\/wp\/v2\/product_cat?post=36259"},{"taxonomy":"product_tag","embeddable":true,"href":"https:\/\/decorcnc.com\/es\/wp-json\/wp\/v2\/product_tag?post=36259"}],"curies":[{"name":"wp","href":"https:\/\/api.w.org\/{rel}","templated":true}]}}