{"id":36278,"date":"2025-03-18T11:44:32","date_gmt":"2025-03-18T09:44:32","guid":{"rendered":"https:\/\/decorcnc.com\/product\/3d\/"},"modified":"2025-03-21T13:34:17","modified_gmt":"2025-03-21T11:34:17","slug":"3d","status":"publish","type":"product","link":"https:\/\/decorcnc.com\/es\/producto\/3d\/","title":{"rendered":"3D"},"content":{"rendered":"","protected":false},"excerpt":{"rendered":"<h2>Convertir dibujos 2D en modelos 3D: Nuestros servicios de modelado 3D (CAD)<\/h2>\n<p>Modelado 3D (CAD). Sube una imagen rasterizada o vectorial en formatos png, jpg, jpeg, gif, bmp, dxf, svg, eps, pdf. Especifica la altura del futuro modelo 3D, desbloquea el bloqueo y especifica el tama\u00f1o del modelo. Env\u00eda una solicitud y obt\u00e9n un presupuesto.<\/p>\n<p>Servicio de modelado 3D (CAD). Convirtamos un dibujo 2D en un modelo 3D. Trabajamos con dibujos de tipo electr\u00f3nico, as\u00ed como con versiones en papel y escaneadas. Detalles, ensamblajes, planos, visualizaci\u00f3n de cualquier pieza y ensamblaje. Estamos preparados para realizar dibujos para diversos campos de actividad, como ingenier\u00eda mec\u00e1nica, construcci\u00f3n, utillaje, maquetas, dise\u00f1o de muebles, etc. \u00bfTienes fotos de decoraci\u00f3n o muebles, as\u00ed como dibujos o bocetos que quieras convertir en un modelo tridimensional? Nuestros dise\u00f1adores convertir\u00e1n una imagen 2D o un boceto en un modelo 3D en poco tiempo.<\/p>\n<h3>\u00bfQu\u00e9 es el modelado 3D?<\/h3>\n<p>El modelado 3D es el proceso de creaci\u00f3n de objetos tridimensionales a partir de dibujos 2D. Es un servicio importante en muchas \u00e1reas, como la ingenier\u00eda mec\u00e1nica, la construcci\u00f3n y el dise\u00f1o de muebles. Gracias a la tecnolog\u00eda moderna, nuestros dise\u00f1adores pueden convertir f\u00e1cilmente tus bocetos o fotos en visualizaciones que garantizan precisi\u00f3n y atractivo visual.  <\/p>\n<h3>\u00bfC\u00f3mo trabajamos?<\/h3>\n<p>Aceptamos pedidos basados en versiones electr\u00f3nicas, en papel o escaneadas de planos. En primer lugar, nuestros especialistas analizan los datos iniciales y, a continuaci\u00f3n, crean un modelo 3D con todos los detalles y unidades de montaje necesarios. Este es un paso m\u00e1s que te permite visualizar todos los matices de tu proyecto antes de su realizaci\u00f3n.  <\/p>\n<h3>Nuestras soluciones para distintos sectores<\/h3>\n<p>Estamos preparados para producir dibujos para una amplia gama de sectores, como la ingenier\u00eda mec\u00e1nica, la construcci\u00f3n, el utillaje y el dise\u00f1o de muebles. Tu idea puede cobrar vida con nuestros modelos 3D. Si tienes fotos de tu decoraci\u00f3n o dibujos, nuestros dise\u00f1adores te ayudar\u00e1n a convertirlos en 3D en poco tiempo, d\u00e1ndote la oportunidad de evaluar el resultado final antes de que comience la producci\u00f3n.  <\/p>\n","protected":false},"featured_media":0,"comment_status":"open","ping_status":"closed","template":"","meta":[],"product_brand":[],"product_cat":[648],"product_tag":[],"class_list":{"0":"post-36278","1":"product","2":"type-product","3":"status-publish","5":"product_cat-modelado-3d","6":"pa_p3d_coating-all-es","7":"pa_p3d_filename-all-ru","8":"pa_p3d_infill-all","9":"pa_p3d_material-all-es","10":"pa_p3d_model-all","11":"pa_p3d_original_url-all-en","12":"pa_p3d_postprocessing-all-es","13":"pa_p3d_printer-all-es","14":"pa_p3d_scale-all-es","15":"pa_p3d_unit-all-es","16":"tm-no-options","18":"first","19":"outofstock","20":"shipping-taxable","21":"purchasable","22":"product-type-variable"},"_links":{"self":[{"href":"https:\/\/decorcnc.com\/es\/wp-json\/wp\/v2\/product\/36278","targetHints":{"allow":["GET"]}}],"collection":[{"href":"https:\/\/decorcnc.com\/es\/wp-json\/wp\/v2\/product"}],"about":[{"href":"https:\/\/decorcnc.com\/es\/wp-json\/wp\/v2\/types\/product"}],"replies":[{"embeddable":true,"href":"https:\/\/decorcnc.com\/es\/wp-json\/wp\/v2\/comments?post=36278"}],"wp:attachment":[{"href":"https:\/\/decorcnc.com\/es\/wp-json\/wp\/v2\/media?parent=36278"}],"wp:term":[{"taxonomy":"product_brand","embeddable":true,"href":"https:\/\/decorcnc.com\/es\/wp-json\/wp\/v2\/product_brand?post=36278"},{"taxonomy":"product_cat","embeddable":true,"href":"https:\/\/decorcnc.com\/es\/wp-json\/wp\/v2\/product_cat?post=36278"},{"taxonomy":"product_tag","embeddable":true,"href":"https:\/\/decorcnc.com\/es\/wp-json\/wp\/v2\/product_tag?post=36278"}],"curies":[{"name":"wp","href":"https:\/\/api.w.org\/{rel}","templated":true}]}}