{"id":36282,"date":"2023-04-26T10:16:35","date_gmt":"2023-04-26T07:16:35","guid":{"rendered":"https:\/\/decorcnc.com\/product\/fachada-de-madera-tallada-para-mueble-n-o-4\/"},"modified":"2023-04-26T10:16:35","modified_gmt":"2023-04-26T07:16:35","slug":"fachada-de-madera-tallada-para-mueble-n-o-4","status":"publish","type":"product","link":"https:\/\/decorcnc.com\/es\/producto\/fachada-de-madera-tallada-para-mueble-n-o-4\/","title":{"rendered":"Fachada de madera tallada para mueble n.\u00ba 4"},"content":{"rendered":"<p>La secci\u00f3n de informaci\u00f3n <a href=\"https:\/\/decorcnc.com\/instructions\/\">se puede encontrar aqu\u00ed<\/a><\/p>\n<h1>1. Informaci\u00f3n b\u00e1sica<\/h1>\n<p>La fachada de madera tallada para el mueble n.\u00ba 4 se fresa en m\u00e1quinas CNC. Para pedidos peque\u00f1os, utilizamos tableros de muebles de madera maciza est\u00e1ndar con un grosor de 18,20,25,30,38,40 mm. Una fachada de madera maciza (madera dura) no es barata, as\u00ed que t\u00f3mese el tiempo necesario para elegir una decoraci\u00f3n. No podemos mostrar opciones en la tienda que satisfagan absolutamente a todo el mundo. Casi todos los elementos de decoraci\u00f3n se pueden cambiar a su gusto, aumentar o disminuir su tama\u00f1o, o agregar y reemplazar la decoraci\u00f3n de la esquina central, por ejemplo. Casi siempre, se requiere una revisi\u00f3n. Si eliges modelos 3D ya preparados del cat\u00e1logo de decoraci\u00f3n tallada, entonces es gratis. En la secci\u00f3n del cat\u00e1logo \u00ab<a href=\"\/?product_cat=carved-consoles-brackets-capitals-pilasters-made-of-natural-wood-2\">Decoraci\u00f3n tallada (superposiciones)<\/a>\u00bb puede elegir elementos decorativos adicionales.       <\/p>\n<h3>Algo especial<\/h3>\n<p>Si necesitas algo especial, echa un vistazo a la <a href=\"\/?product_cat=our-services-en-2\">secci\u00f3n \u00abNuestros Servicios\u00bb<\/a> y al visualizar el modelo podr\u00e1s previsualizar el aspecto de tu producto. Queremos decir una vez m\u00e1s que el modelo 3d subido al servidor est\u00e1 especialmente hecho con un peque\u00f1o n\u00famero de pol\u00edgonos. Esto es necesario para reducir la carga y aumentar la velocidad de descarga en los tel\u00e9fonos m\u00f3viles. Antes de pagar la fachada, le enviaremos un render del modelo (visualizaci\u00f3n 3D), y solo despu\u00e9s de la aprobaci\u00f3n comenzaremos a trabajar. Para los fabricantes de muebles, podemos hacer la decoraci\u00f3n superior por separado, o podemos hacer solo un panel. La conexi\u00f3n de las piezas del bastidor (marcos, flejes) puede ser de 90 \u00b0 y 45 \u00b0. El ancho del marco (correa) es de 72 mm, se pueden discutir todos los tama\u00f1os.      <\/p>\n<ul>\n<li>\n<h4>Material.<\/h4>\n<\/li>\n<\/ul>\n<p>No deber\u00eda haber problemas con la elecci\u00f3n del material. La agrupaci\u00f3n no se realiza por el tipo de madera, sino por el grosor del material. Elija un tama\u00f1o que coincida con el grosor del modelo 3D. Si el material que necesita no est\u00e1 en la lista, intentaremos encontrarlo. No lo olvides, la madera de alta calidad no es barata. Si no vas a usar aceites de cera transparentes, debes echar un vistazo m\u00e1s de cerca a los tipos de madera menos valiosos. Estas recomendaciones no son para los fabricantes de muebles, ellos lo entienden (quiz\u00e1s mejor que nosotros :-), solo que no tienen por qu\u00e9 ser peores).      <\/p>\n<ul>\n<li>\n<h4>Revestimiento.<\/h4>\n<\/li>\n<\/ul>\n<p>Para cubrir la fachada de madera tallada para muebles, utilizamos solo cera al aceite, por ejemplo, muebles de cera dura, tung, as\u00ed como aceite para la encimera. Aqu\u00ed tambi\u00e9n hay opciones para reducir el coste de la fachada de muebles. Por ejemplo, hay dos marcas europeas, la diferencia de precio es casi el doble. Tambi\u00e9n aceptamos pedidos de fachadas sin pintar, a petici\u00f3n del cliente.   <\/p>\n<ul>\n<li>\n<h4>Post-procesamiento<\/h4>\n<\/li>\n<\/ul>\n<p>Post-mecanizado despu\u00e9s del mecanizado CNC (opciones opcionales). Despu\u00e9s de un fresado de alta calidad de la fachada, el producto est\u00e1 casi listo, pero se puede lijar mec\u00e1nicamente. A veces se requiere el esmerilado manual y el procesamiento de esquinas afiladas, depende del relieve de la decoraci\u00f3n y los requisitos del producto. Cualquier cortador, por peque\u00f1o que sea, tiene un radio. Si necesita un \u00e1ngulo agudo en el relieve, la poda se realiza solo a mano. Esto tambi\u00e9n se aplica al trabajo con revestimientos, cuando se tiene una rica imaginaci\u00f3n y oportunidades, por ejemplo, el envejecimiento (p\u00e1tina) y la creaci\u00f3n de un efecto de dorado decorativo.     <\/p>\n<ul>\n<li>\n<h4>Zoom<\/h4>\n<\/li>\n<\/ul>\n<p>Puede navegar por el producto y cambiar tama\u00f1os. De forma predeterminada, el control deslizante cambia el modelo 3D de la fachada proporcionalmente. Para ingresar su talla, debe desbloquear el icono en forma de \u00bb \u00ab, establezca su talla (aparecer\u00e1 el bot\u00f3n) Guardar. Despu\u00e9s de una breve pausa, el programa completar\u00e1 el c\u00e1lculo y la fachada tallada se guardar\u00e1 en sus dimensiones. Es mejor pedir una fachada de madera tallada para el mueble n\u00ba 4 con un grosor de 19 mm, este es el m\u00ednimo \u00f3ptimo.    <\/p>\n<h1>2. La informaci\u00f3n m\u00e1s importante (<strong>\u00bfprecio?) <\/strong><\/h1>\n<p>El precio de la fachada de muebles terminada en la tienda es lo m\u00e1s realista posible. Una de las opciones para reducir el costo del producto son los materiales. La diferencia de precio por 1M\u00b3 puede superar los $ 2000. y mucho m\u00e1s. Los aceites para muebles pueden variar mucho de una marca a otra. Adem\u00e1s, el precio depende del \u00e1rea de la superficie tratada y de las opciones adicionales. Cuanto mayor sea el relieve de la decoraci\u00f3n y la densidad, mayor ser\u00e1 el tiempo de procesamiento. Escr\u00edbenos al correo, llama y resolveremos todas tus dudas.       <\/p>\n<p>&nbsp;<\/p>\n<p>&nbsp;<\/p>\n","protected":false},"excerpt":{"rendered":"<p><img decoding=\"async\" class=\" wd-lazy-fade alignleft wp-image-674 size-thumbnail\" title=\"Fachada de madera tallada para mueble n.\u00ba 4\" src=\"https:\/\/decorcnc.com\/wp-content\/themes\/woodmart\/images\/lazy.svg\" data-src=\"https:\/\/decorcnc.com\/wp-content\/uploads\/121F fasady i paneli reznyye\/4-paneli_reznyye_v1-150x150.png\" alt=\"Fachada de madera tallada para mueble n\u00ba 4 por encargo.\" width=\"150\" height=\"150\" srcset=\"\" data-srcset=\"https:\/\/decorcnc.com\/wp-content\/uploads\/121F%20fasady%20i%20paneli%20reznyye\/4-paneli_reznyye_v1-150x150.png 150w, https:\/\/decorcnc.com\/wp-content\/uploads\/121F%20fasady%20i%20paneli%20reznyye\/4-paneli_reznyye_v1-430x430.png 430w, https:\/\/decorcnc.com\/wp-content\/uploads\/121F%20fasady%20i%20paneli%20reznyye\/4-paneli_reznyye_v1-700x700.png 700w, https:\/\/decorcnc.com\/wp-content\/uploads\/121F%20fasady%20i%20paneli%20reznyye\/4-paneli_reznyye_v1-300x300.png 300w, https:\/\/decorcnc.com\/wp-content\/uploads\/121F%20fasady%20i%20paneli%20reznyye\/4-paneli_reznyye_v1-768x768.png 768w, https:\/\/decorcnc.com\/wp-content\/uploads\/121F%20fasady%20i%20paneli%20reznyye\/4-paneli_reznyye_v1-31x31.png 31w, https:\/\/decorcnc.com\/wp-content\/uploads\/121F%20fasady%20i%20paneli%20reznyye\/4-paneli_reznyye_v1-71x71.png 71w, https:\/\/decorcnc.com\/wp-content\/uploads\/121F%20fasady%20i%20paneli%20reznyye\/4-paneli_reznyye_v1-120x120.png 120w, https:\/\/decorcnc.com\/wp-content\/uploads\/121F%20fasady%20i%20paneli%20reznyye\/4-paneli_reznyye_v1-450x450.png 450w, https:\/\/decorcnc.com\/wp-content\/uploads\/121F%20fasady%20i%20paneli%20reznyye\/4-paneli_reznyye_v1-80x80.png 80w, https:\/\/decorcnc.com\/wp-content\/uploads\/121F%20fasady%20i%20paneli%20reznyye\/4-paneli_reznyye_v1.png 800w\" sizes=\"(max-width: 150px) 100vw, 150px\" \/><\/p>\n<h1>Fachada de madera tallada para mueble n\u00ba 4 por encargo<\/h1>\n<h2>Introducci\u00f3n a la fachada de madera tallada<\/h2>\n<p>Una fachada de madera tallada para muebles es un elemento que da singularidad y elegancia a los productos. El pedido de estos elementos de madera en m\u00e1quinas CNC garantiza una alta precisi\u00f3n y calidad de mano de obra. Esto es especialmente importante para aquellos que valoran la individualidad en el dise\u00f1o de sus muebles.  <\/p>\n<h2>Ventajas de utilizar fachadas talladas<\/h2>\n<p>Las fachadas talladas no solo se ven elegantes, sino que tambi\u00e9n enfatizan la naturalidad de la madera, lo que hace que los muebles sean m\u00e1s atractivos. Estas fachadas pueden convertirse en un acento exquisito en el interior, dando vida a cualquier habitaci\u00f3n. El uso de m\u00e1quinas CNC le permite lograr un mecanizado detallado, que en el roscado manual podr\u00eda llevar m\u00e1s tiempo y requerir un esfuerzo significativo.  <\/p>\n<h2>\u00bfPor qu\u00e9 encargar una fachada a medida?<\/h2>\n<p>Pedir una fachada tallada a medida le permite realizar sus ideas y necesidades de dise\u00f1o. Cada proyecto es \u00fanico, lo que hace que el mobiliario sea impresionante y \u00fanico. Tambi\u00e9n le permite tener en cuenta las especificidades de su interior, especialmente si tiene soluciones de dise\u00f1o espec\u00edficas. Aseg\u00farese de elegir un proveedor confiable para garantizar la calidad y durabilidad de su elecci\u00f3n.   <\/p>\n","protected":false},"featured_media":2535,"comment_status":"open","ping_status":"closed","template":"","meta":[],"product_brand":[],"product_cat":[660,655,653],"product_tag":[],"class_list":{"0":"post-36282","1":"product","2":"type-product","3":"status-publish","4":"has-post-thumbnail","6":"product_cat-fachadas-talladas-paneles-3d-rejas-decorativas-para-el-interior","7":"product_cat-decoracion-de-madera-tallada","8":"product_cat-muebles-de-madera-solida","9":"pa_p3d_coating-all-es","10":"pa_p3d_cutting_instructions-all-es","11":"pa_p3d_filename-all-ru","12":"pa_p3d_infill-all","13":"pa_p3d_material-all-es","14":"pa_p3d_model-all","15":"pa_p3d_original_url-all-en","16":"pa_p3d_postprocessing-all-es","17":"pa_p3d_printer-10-3d-modelo","18":"pa_p3d_printer-3-fresado-3d-de-fachadas","19":"pa_p3d_scale-all-es","20":"pa_p3d_unit-all-es","21":"tm-no-options","23":"first","24":"instock","25":"shipping-taxable","26":"purchasable","27":"product-type-variable"},"_links":{"self":[{"href":"https:\/\/decorcnc.com\/es\/wp-json\/wp\/v2\/product\/36282","targetHints":{"allow":["GET"]}}],"collection":[{"href":"https:\/\/decorcnc.com\/es\/wp-json\/wp\/v2\/product"}],"about":[{"href":"https:\/\/decorcnc.com\/es\/wp-json\/wp\/v2\/types\/product"}],"replies":[{"embeddable":true,"href":"https:\/\/decorcnc.com\/es\/wp-json\/wp\/v2\/comments?post=36282"}],"wp:featuredmedia":[{"embeddable":true,"href":"https:\/\/decorcnc.com\/es\/wp-json\/wp\/v2\/media\/2535"}],"wp:attachment":[{"href":"https:\/\/decorcnc.com\/es\/wp-json\/wp\/v2\/media?parent=36282"}],"wp:term":[{"taxonomy":"product_brand","embeddable":true,"href":"https:\/\/decorcnc.com\/es\/wp-json\/wp\/v2\/product_brand?post=36282"},{"taxonomy":"product_cat","embeddable":true,"href":"https:\/\/decorcnc.com\/es\/wp-json\/wp\/v2\/product_cat?post=36282"},{"taxonomy":"product_tag","embeddable":true,"href":"https:\/\/decorcnc.com\/es\/wp-json\/wp\/v2\/product_tag?post=36282"}],"curies":[{"name":"wp","href":"https:\/\/api.w.org\/{rel}","templated":true}]}}