{"id":37065,"date":"2023-04-25T09:08:08","date_gmt":"2023-04-25T06:08:08","guid":{"rendered":"https:\/\/decorcnc.com\/product\/elemento-decorativo-esquinero-tallado-n-o-1\/"},"modified":"2023-04-25T09:08:08","modified_gmt":"2023-04-25T06:08:08","slug":"elemento-decorativo-esquinero-tallado-n-o-1","status":"publish","type":"product","link":"https:\/\/decorcnc.com\/es\/producto\/elemento-decorativo-esquinero-tallado-n-o-1\/","title":{"rendered":"Elemento decorativo esquinero tallado n.\u00ba 1"},"content":{"rendered":"<p>Elemento esquinero decorativo tallado n.\u00ba 1 por encargo. <span style=\"color: #ff0000;\">La calidad del modelo 3D se reduce espec\u00edficamente para una mejor descarga.<\/span> Ver el modelo es necesario para ver el producto a tu escala. Para la producci\u00f3n, utilizamos tama\u00f1os est\u00e1ndar de 18 mm, 20 mm, 25 mm, 26 mm, 30 mm, 38 mm y 40 mm. Los pedidos grandes se tratan por separado. Por tanto, presta atenci\u00f3n al material y al tama\u00f1o del producto. Por ejemplo, si necesitas un grosor de 27 mm, te servir\u00e1 un tablero de 30 mm.<\/p>\n","protected":false},"excerpt":{"rendered":"<h3 style=\"text-align: center;\"><a href=\"\/?page_id=1663\"><strong>\u041f\u0435\u0440\u0435\u0433\u043b\u044f\u043d\u044c\u0442\u0435 \u0440\u043e\u0437\u0434\u0456\u043b \u0434\u043e\u0432\u0456\u0434\u043a\u0438<\/strong><\/a><strong> \u0456 \u043f\u0440\u043e\u0447\u0438\u0442\u0430\u0439\u0442\u0435 \u043e\u043f\u0438\u0441.<\/strong><\/h3>\n<h3 style=\"text-align: center;\"><strong><a href=\"https:\/\/decorcnc.com\/wp-content\/uploads\/3d_model\/fasad_45x720x400x20_mini.stl\" target=\"_blank\" rel=\"noopener\">Descargar el modelo<\/a><\/strong><\/h3>\n<p style=\"text-align: left;\"><strong>Elemento decorativo tallado en la esquina n\u00ba 1 con reserva.<\/strong>  La calidad del modelo 3D con un n\u00famero m\u00ednimo de pol\u00edgonos, que se realiza para una mejor carga y visualizaci\u00f3n del producto. Una vista de demostraci\u00f3n del modelo es necesaria para ver el producto en tu talla y calcular el coste del producto. Utilizamos modelos 3D de alta calidad para la producci\u00f3n. Puedes escalar el modelo, elegir el material y opciones adicionales. Puedes obtener un coste preliminar de un producto fabricado con madera natural de alta calidad y otros materiales. Lee m\u00e1s en la descripci\u00f3n o en la p\u00e1gina de instrucciones.     <\/p>\n","protected":false},"featured_media":2499,"comment_status":"open","ping_status":"closed","template":"","meta":[],"product_brand":[],"product_cat":[656,655],"product_tag":[810,684],"class_list":{"0":"post-37065","1":"product","2":"type-product","3":"status-publish","4":"has-post-thumbnail","6":"product_cat-decoracion-tallada-incrustaciones-para-el-acabado-de-puertas-y-muebles","7":"product_cat-decoracion-de-madera-tallada","8":"product_tag-elemento-de-esquina","9":"product_tag-superposicion-tallada","10":"pa_p3d_coating-all-es","11":"pa_p3d_cutting_instructions-all-es","12":"pa_p3d_filename-all-ru","13":"pa_p3d_infill-all","14":"pa_p3d_material-11-madera-de-roble","15":"pa_p3d_material-12-madera-de-haya","16":"pa_p3d_material-13-madera-de-aliso","17":"pa_p3d_material-14-madera-de-fresno","18":"pa_p3d_model-all","19":"pa_p3d_original_url-all-en","20":"pa_p3d_postprocessing-todos","21":"pa_p3d_printer-10-3d-modelo","22":"pa_p3d_printer-2-fresado-cnc-3d","23":"pa_p3d_scale-all-es","24":"pa_p3d_unit-all-es","25":"pa_typ-vyrobu-poslugy-decoracion-de-muebles","26":"pa_typ-vyrobu-poslugy-elementos-tallados","27":"tm-no-options","29":"first","30":"instock","31":"shipping-taxable","32":"purchasable","33":"product-type-variable"},"_links":{"self":[{"href":"https:\/\/decorcnc.com\/es\/wp-json\/wp\/v2\/product\/37065","targetHints":{"allow":["GET"]}}],"collection":[{"href":"https:\/\/decorcnc.com\/es\/wp-json\/wp\/v2\/product"}],"about":[{"href":"https:\/\/decorcnc.com\/es\/wp-json\/wp\/v2\/types\/product"}],"replies":[{"embeddable":true,"href":"https:\/\/decorcnc.com\/es\/wp-json\/wp\/v2\/comments?post=37065"}],"wp:featuredmedia":[{"embeddable":true,"href":"https:\/\/decorcnc.com\/es\/wp-json\/wp\/v2\/media\/2499"}],"wp:attachment":[{"href":"https:\/\/decorcnc.com\/es\/wp-json\/wp\/v2\/media?parent=37065"}],"wp:term":[{"taxonomy":"product_brand","embeddable":true,"href":"https:\/\/decorcnc.com\/es\/wp-json\/wp\/v2\/product_brand?post=37065"},{"taxonomy":"product_cat","embeddable":true,"href":"https:\/\/decorcnc.com\/es\/wp-json\/wp\/v2\/product_cat?post=37065"},{"taxonomy":"product_tag","embeddable":true,"href":"https:\/\/decorcnc.com\/es\/wp-json\/wp\/v2\/product_tag?post=37065"}],"curies":[{"name":"wp","href":"https:\/\/api.w.org\/{rel}","templated":true}]}}